{"id":10542,"date":"2021-04-13T00:40:22","date_gmt":"2021-04-13T05:40:22","guid":{"rendered":"https:\/\/jotapardo.com\/wedding-contact-form\/"},"modified":"2025-08-22T21:13:29","modified_gmt":"2025-08-23T02:13:29","slug":"wedding-contact-form","status":"publish","type":"page","link":"https:\/\/jotapardo.com\/es\/wedding-contact-form\/","title":{"rendered":"Formulario de contacto para bodas"},"content":{"rendered":"\n<div class=\"wp-block-group\"><div class=\"wp-block-group__inner-container is-layout-flow wp-block-group-is-layout-flow\">\n<p class=\"has-text-align-center\">Si el formulario de contacto a continuaci\u00f3n no est\u00e1 visible, por favor env\u00edeme su consulta a info@jotapardo.com<\/p>\n\n\n\n<div class=\"hb-p-6049248a1546d2000ddd7aa9-3\"><\/div><img decoding=\"async\" height=\"1\" width=\"1\" style=\"--smush-placeholder-width: 1px; --smush-placeholder-aspect-ratio: 1\/1;display:none\" data-src=\"https:\/\/www.honeybook.com\/p.png?pid=6049248a1546d2000ddd7aa9\" src=\"data:image\/svg+xml;base64,PHN2ZyB3aWR0aD0iMSIgaGVpZ2h0PSIxIiB4bWxucz0iaHR0cDovL3d3dy53My5vcmcvMjAwMC9zdmciPjwvc3ZnPg==\" class=\"lazyload\">\n<script>\n  (function(h,b,s,n,i,p,e,t) {\n    h._HB_ = h._HB_ || {};h._HB_.pid = i;;;;\n    t=b.createElement(s);t.type=\"text\/javascript\";t.async=!0;t.src=n;\n    e=b.getElementsByTagName(s)[0];e.parentNode.insertBefore(t,e);\n})(window,document,\"script\",\"https:\/\/widget.honeybook.com\/assets_users_production\/websiteplacements\/placement-controller.min.js\",\"6049248a1546d2000ddd7aa9\");\n<\/script>\n<\/div><\/div>\n","protected":false},"excerpt":{"rendered":"<p>Si el formulario de contacto a continuaci\u00f3n no est\u00e1 visible, por favor env\u00edeme su consulta a info@jotapardo.com<\/p>\n","protected":false},"author":1,"featured_media":10380,"parent":0,"menu_order":0,"comment_status":"closed","ping_status":"closed","template":"","meta":{"_joinchat":[],"footnotes":""},"class_list":["post-10542","page","type-page","status-publish","has-post-thumbnail"],"yoast_head":"<!-- This site is optimized with the Yoast SEO plugin v27.4 - https:\/\/yoast.com\/product\/yoast-seo-wordpress\/ -->\n<title>Formulario de contacto para bodas | AQU\u00cd INICIA TODO. Formulario de Boda<\/title>\n<meta name=\"description\" content=\"\u00a1H\u00e1blame del gran d\u00eda! Dame los detalles! \u00a1Quiero saber y emocionarme contigo a trav\u00e9s de tu proceso! Me asegurar\u00e9 de darte todo! \u00a1Estoy listo!\" \/>\n<meta name=\"robots\" content=\"index, follow, max-snippet:-1, max-image-preview:large, max-video-preview:-1\" \/>\n<link rel=\"canonical\" href=\"https:\/\/jotapardo.com\/es\/wedding-contact-form\/\" \/>\n<meta property=\"og:locale\" content=\"es_ES\" \/>\n<meta property=\"og:type\" content=\"article\" \/>\n<meta property=\"og:title\" content=\"Formulario de contacto para bodas | AQU\u00cd INICIA TODO. Formulario de Boda\" \/>\n<meta property=\"og:description\" content=\"\u00a1H\u00e1blame del gran d\u00eda! Dame los detalles! \u00a1Quiero saber y emocionarme contigo a trav\u00e9s de tu proceso! Me asegurar\u00e9 de darte todo! \u00a1Estoy listo!\" \/>\n<meta property=\"og:url\" content=\"https:\/\/jotapardo.com\/es\/wedding-contact-form\/\" \/>\n<meta property=\"og:site_name\" content=\"Mejores fot\u00f3grafos de Bodas en Medell\u00edn, Destination Wedding Photographer, Elopement Weddings Colombia Medellin, Best wedding photographer in Medellin, Cartagena, Bogot\u00e1, Santa Marta. Bodas Adventistas, Bodas Cristianas, Fot\u00f3grafo de matrimonios, Adventist Wedding Photographer\" \/>\n<meta property=\"article:publisher\" content=\"https:\/\/www.facebook.com\/JotaPardoPhoto\" \/>\n<meta property=\"article:modified_time\" content=\"2025-08-23T02:13:29+00:00\" \/>\n<meta property=\"og:image\" content=\"https:\/\/jotapardo.com\/wp-content\/uploads\/Destination-Wedding-Photographer-Jota-Pardo-Antigua-Guatemala-Santa-Clara-Paul-Argueta-Estuardo-Reina-Decor-Guatemala-76.jpg\" \/>\n\t<meta property=\"og:image:width\" content=\"2400\" \/>\n\t<meta property=\"og:image:height\" content=\"1600\" \/>\n\t<meta property=\"og:image:type\" content=\"image\/jpeg\" \/>\n<meta name=\"twitter:card\" content=\"summary_large_image\" \/>\n<meta name=\"twitter:site\" content=\"@jotapardophoto\" \/>\n<meta name=\"twitter:label1\" content=\"Tiempo de lectura\" \/>\n\t<meta name=\"twitter:data1\" content=\"1 minuto\" \/>\n<script type=\"application\/ld+json\" class=\"yoast-schema-graph\">{\"@context\":\"https:\\\/\\\/schema.org\",\"@graph\":[{\"@type\":\"WebPage\",\"@id\":\"https:\\\/\\\/jotapardo.com\\\/es\\\/wedding-contact-form\\\/\",\"url\":\"https:\\\/\\\/jotapardo.com\\\/es\\\/wedding-contact-form\\\/\",\"name\":\"Formulario de contacto para bodas | AQU\u00cd INICIA TODO. Formulario de Boda\",\"isPartOf\":{\"@id\":\"https:\\\/\\\/jotapardo.com\\\/#website\"},\"primaryImageOfPage\":{\"@id\":\"https:\\\/\\\/jotapardo.com\\\/es\\\/wedding-contact-form\\\/#primaryimage\"},\"image\":{\"@id\":\"https:\\\/\\\/jotapardo.com\\\/es\\\/wedding-contact-form\\\/#primaryimage\"},\"thumbnailUrl\":\"https:\\\/\\\/jotapardo.com\\\/wp-content\\\/uploads\\\/Destination-Wedding-Photographer-Jota-Pardo-Antigua-Guatemala-Santa-Clara-Paul-Argueta-Estuardo-Reina-Decor-Guatemala-76.jpg\",\"datePublished\":\"2021-04-13T05:40:22+00:00\",\"dateModified\":\"2025-08-23T02:13:29+00:00\",\"description\":\"\u00a1H\u00e1blame del gran d\u00eda! Dame los detalles! \u00a1Quiero saber y emocionarme contigo a trav\u00e9s de tu proceso! Me asegurar\u00e9 de darte todo! \u00a1Estoy listo!\",\"breadcrumb\":{\"@id\":\"https:\\\/\\\/jotapardo.com\\\/es\\\/wedding-contact-form\\\/#breadcrumb\"},\"inLanguage\":\"es\",\"potentialAction\":[{\"@type\":\"ReadAction\",\"target\":[\"https:\\\/\\\/jotapardo.com\\\/es\\\/wedding-contact-form\\\/\"]}]},{\"@type\":\"ImageObject\",\"inLanguage\":\"es\",\"@id\":\"https:\\\/\\\/jotapardo.com\\\/es\\\/wedding-contact-form\\\/#primaryimage\",\"url\":\"https:\\\/\\\/jotapardo.com\\\/wp-content\\\/uploads\\\/Destination-Wedding-Photographer-Jota-Pardo-Antigua-Guatemala-Santa-Clara-Paul-Argueta-Estuardo-Reina-Decor-Guatemala-76.jpg\",\"contentUrl\":\"https:\\\/\\\/jotapardo.com\\\/wp-content\\\/uploads\\\/Destination-Wedding-Photographer-Jota-Pardo-Antigua-Guatemala-Santa-Clara-Paul-Argueta-Estuardo-Reina-Decor-Guatemala-76.jpg\",\"width\":2400,\"height\":1600},{\"@type\":\"BreadcrumbList\",\"@id\":\"https:\\\/\\\/jotapardo.com\\\/es\\\/wedding-contact-form\\\/#breadcrumb\",\"itemListElement\":[{\"@type\":\"ListItem\",\"position\":1,\"name\":\"Home\",\"item\":\"https:\\\/\\\/jotapardo.com\\\/es\\\/\"},{\"@type\":\"ListItem\",\"position\":2,\"name\":\"Formulario de contacto para bodas\"}]},{\"@type\":\"WebSite\",\"@id\":\"https:\\\/\\\/jotapardo.com\\\/#website\",\"url\":\"https:\\\/\\\/jotapardo.com\\\/\",\"name\":\"Mejores fot\u00f3grafos de Bodas en Medell\u00edn, Destination Wedding Photographer, Elopement Weddings Colombia Medellin, Best wedding photographer in Medellin, Cartagena, Bogot\u00e1, Santa Marta. Bodas Adventistas, Bodas Cristianas, Fot\u00f3grafo de matrimonios, Adventist Wedding Photographer\",\"description\":\"Luxury Wedding Photography in Colombia | Jota Pardo\",\"publisher\":{\"@id\":\"https:\\\/\\\/jotapardo.com\\\/#\\\/schema\\\/person\\\/b096f1d12b61720da2fa9f8099c497ee\"},\"alternateName\":\"Jota Pardo Wedding Photographer in Colombia\",\"potentialAction\":[{\"@type\":\"SearchAction\",\"target\":{\"@type\":\"EntryPoint\",\"urlTemplate\":\"https:\\\/\\\/jotapardo.com\\\/?s={search_term_string}\"},\"query-input\":{\"@type\":\"PropertyValueSpecification\",\"valueRequired\":true,\"valueName\":\"search_term_string\"}}],\"inLanguage\":\"es\"},{\"@type\":[\"Person\",\"Organization\"],\"@id\":\"https:\\\/\\\/jotapardo.com\\\/#\\\/schema\\\/person\\\/b096f1d12b61720da2fa9f8099c497ee\",\"name\":\"Jota Pardo\",\"image\":{\"@type\":\"ImageObject\",\"inLanguage\":\"es\",\"@id\":\"https:\\\/\\\/jotapardo.com\\\/wp-content\\\/uploads\\\/Best-Wedding-Photographer-Medellin-Elopement-Colombia-Destination-wedding-photographer-gray.png\",\"url\":\"https:\\\/\\\/jotapardo.com\\\/wp-content\\\/uploads\\\/Best-Wedding-Photographer-Medellin-Elopement-Colombia-Destination-wedding-photographer-gray.png\",\"contentUrl\":\"https:\\\/\\\/jotapardo.com\\\/wp-content\\\/uploads\\\/Best-Wedding-Photographer-Medellin-Elopement-Colombia-Destination-wedding-photographer-gray.png\",\"width\":162,\"height\":96,\"caption\":\"Jota Pardo\"},\"logo\":{\"@id\":\"https:\\\/\\\/jotapardo.com\\\/wp-content\\\/uploads\\\/Best-Wedding-Photographer-Medellin-Elopement-Colombia-Destination-wedding-photographer-gray.png\"},\"description\":\"Fot\u00f3grafo de bodas en Medell\u00edn a trav\u00e9s de la marca Jota Pardo Wedding Photographer. Cuento con m\u00e1s de 6 a\u00f1os realizando bodas a nivel nacional e internacional. Me especializo en bodas Adventistas principalmente. \\\/ Wedding photographer based in Medellin. I have more than 5 years photographing weddings nationally and internationally. I mainly specialize in Adventist weddings.\",\"sameAs\":[\"http:\\\/\\\/www.jotapardo.com\",\"https:\\\/\\\/www.facebook.com\\\/JotaPardoPhoto\",\"https:\\\/\\\/instagram.com\\\/jotapardophoto\",\"https:\\\/\\\/x.com\\\/jotapardophoto\",\"UCslD7AdLqjl39CNH7rt1YyA\"]}]}<\/script>\n<!-- \/ Yoast SEO plugin. -->","yoast_head_json":{"title":"Formulario de contacto para bodas | AQU\u00cd INICIA TODO. Formulario de Boda","description":"\u00a1H\u00e1blame del gran d\u00eda! Dame los detalles! \u00a1Quiero saber y emocionarme contigo a trav\u00e9s de tu proceso! Me asegurar\u00e9 de darte todo! \u00a1Estoy listo!","robots":{"index":"index","follow":"follow","max-snippet":"max-snippet:-1","max-image-preview":"max-image-preview:large","max-video-preview":"max-video-preview:-1"},"canonical":"https:\/\/jotapardo.com\/es\/wedding-contact-form\/","og_locale":"es_ES","og_type":"article","og_title":"Formulario de contacto para bodas | AQU\u00cd INICIA TODO. Formulario de Boda","og_description":"\u00a1H\u00e1blame del gran d\u00eda! Dame los detalles! \u00a1Quiero saber y emocionarme contigo a trav\u00e9s de tu proceso! Me asegurar\u00e9 de darte todo! \u00a1Estoy listo!","og_url":"https:\/\/jotapardo.com\/es\/wedding-contact-form\/","og_site_name":"Mejores fot\u00f3grafos de Bodas en Medell\u00edn, Destination Wedding Photographer, Elopement Weddings Colombia Medellin, Best wedding photographer in Medellin, Cartagena, Bogot\u00e1, Santa Marta. Bodas Adventistas, Bodas Cristianas, Fot\u00f3grafo de matrimonios, Adventist Wedding Photographer","article_publisher":"https:\/\/www.facebook.com\/JotaPardoPhoto","article_modified_time":"2025-08-23T02:13:29+00:00","og_image":[{"width":2400,"height":1600,"url":"https:\/\/jotapardo.com\/wp-content\/uploads\/Destination-Wedding-Photographer-Jota-Pardo-Antigua-Guatemala-Santa-Clara-Paul-Argueta-Estuardo-Reina-Decor-Guatemala-76.jpg","type":"image\/jpeg"}],"twitter_card":"summary_large_image","twitter_site":"@jotapardophoto","twitter_misc":{"Tiempo de lectura":"1 minuto"},"schema":{"@context":"https:\/\/schema.org","@graph":[{"@type":"WebPage","@id":"https:\/\/jotapardo.com\/es\/wedding-contact-form\/","url":"https:\/\/jotapardo.com\/es\/wedding-contact-form\/","name":"Formulario de contacto para bodas | AQU\u00cd INICIA TODO. Formulario de Boda","isPartOf":{"@id":"https:\/\/jotapardo.com\/#website"},"primaryImageOfPage":{"@id":"https:\/\/jotapardo.com\/es\/wedding-contact-form\/#primaryimage"},"image":{"@id":"https:\/\/jotapardo.com\/es\/wedding-contact-form\/#primaryimage"},"thumbnailUrl":"https:\/\/jotapardo.com\/wp-content\/uploads\/Destination-Wedding-Photographer-Jota-Pardo-Antigua-Guatemala-Santa-Clara-Paul-Argueta-Estuardo-Reina-Decor-Guatemala-76.jpg","datePublished":"2021-04-13T05:40:22+00:00","dateModified":"2025-08-23T02:13:29+00:00","description":"\u00a1H\u00e1blame del gran d\u00eda! Dame los detalles! \u00a1Quiero saber y emocionarme contigo a trav\u00e9s de tu proceso! Me asegurar\u00e9 de darte todo! \u00a1Estoy listo!","breadcrumb":{"@id":"https:\/\/jotapardo.com\/es\/wedding-contact-form\/#breadcrumb"},"inLanguage":"es","potentialAction":[{"@type":"ReadAction","target":["https:\/\/jotapardo.com\/es\/wedding-contact-form\/"]}]},{"@type":"ImageObject","inLanguage":"es","@id":"https:\/\/jotapardo.com\/es\/wedding-contact-form\/#primaryimage","url":"https:\/\/jotapardo.com\/wp-content\/uploads\/Destination-Wedding-Photographer-Jota-Pardo-Antigua-Guatemala-Santa-Clara-Paul-Argueta-Estuardo-Reina-Decor-Guatemala-76.jpg","contentUrl":"https:\/\/jotapardo.com\/wp-content\/uploads\/Destination-Wedding-Photographer-Jota-Pardo-Antigua-Guatemala-Santa-Clara-Paul-Argueta-Estuardo-Reina-Decor-Guatemala-76.jpg","width":2400,"height":1600},{"@type":"BreadcrumbList","@id":"https:\/\/jotapardo.com\/es\/wedding-contact-form\/#breadcrumb","itemListElement":[{"@type":"ListItem","position":1,"name":"Home","item":"https:\/\/jotapardo.com\/es\/"},{"@type":"ListItem","position":2,"name":"Formulario de contacto para bodas"}]},{"@type":"WebSite","@id":"https:\/\/jotapardo.com\/#website","url":"https:\/\/jotapardo.com\/","name":"Mejores fot\u00f3grafos de Bodas en Medell\u00edn, Destination Wedding Photographer, Elopement Weddings Colombia Medellin, Best wedding photographer in Medellin, Cartagena, Bogot\u00e1, Santa Marta. Bodas Adventistas, Bodas Cristianas, Fot\u00f3grafo de matrimonios, Adventist Wedding Photographer","description":"Luxury Wedding Photography in Colombia | Jota Pardo","publisher":{"@id":"https:\/\/jotapardo.com\/#\/schema\/person\/b096f1d12b61720da2fa9f8099c497ee"},"alternateName":"Jota Pardo Wedding Photographer in Colombia","potentialAction":[{"@type":"SearchAction","target":{"@type":"EntryPoint","urlTemplate":"https:\/\/jotapardo.com\/?s={search_term_string}"},"query-input":{"@type":"PropertyValueSpecification","valueRequired":true,"valueName":"search_term_string"}}],"inLanguage":"es"},{"@type":["Person","Organization"],"@id":"https:\/\/jotapardo.com\/#\/schema\/person\/b096f1d12b61720da2fa9f8099c497ee","name":"Jota Pardo","image":{"@type":"ImageObject","inLanguage":"es","@id":"https:\/\/jotapardo.com\/wp-content\/uploads\/Best-Wedding-Photographer-Medellin-Elopement-Colombia-Destination-wedding-photographer-gray.png","url":"https:\/\/jotapardo.com\/wp-content\/uploads\/Best-Wedding-Photographer-Medellin-Elopement-Colombia-Destination-wedding-photographer-gray.png","contentUrl":"https:\/\/jotapardo.com\/wp-content\/uploads\/Best-Wedding-Photographer-Medellin-Elopement-Colombia-Destination-wedding-photographer-gray.png","width":162,"height":96,"caption":"Jota Pardo"},"logo":{"@id":"https:\/\/jotapardo.com\/wp-content\/uploads\/Best-Wedding-Photographer-Medellin-Elopement-Colombia-Destination-wedding-photographer-gray.png"},"description":"Fot\u00f3grafo de bodas en Medell\u00edn a trav\u00e9s de la marca Jota Pardo Wedding Photographer. Cuento con m\u00e1s de 6 a\u00f1os realizando bodas a nivel nacional e internacional. Me especializo en bodas Adventistas principalmente. \/ Wedding photographer based in Medellin. I have more than 5 years photographing weddings nationally and internationally. I mainly specialize in Adventist weddings.","sameAs":["http:\/\/www.jotapardo.com","https:\/\/www.facebook.com\/JotaPardoPhoto","https:\/\/instagram.com\/jotapardophoto","https:\/\/x.com\/jotapardophoto","UCslD7AdLqjl39CNH7rt1YyA"]}]}},"_links":{"self":[{"href":"https:\/\/jotapardo.com\/es\/wp-json\/wp\/v2\/pages\/10542\/"}],"collection":[{"href":"https:\/\/jotapardo.com\/es\/wp-json\/wp\/v2\/pages\/"}],"about":[{"href":"https:\/\/jotapardo.com\/es\/wp-json\/wp\/v2\/types\/page\/"}],"author":[{"embeddable":true,"href":"https:\/\/jotapardo.com\/es\/wp-json\/wp\/v2\/users\/1\/"}],"replies":[{"embeddable":true,"href":"https:\/\/jotapardo.com\/es\/wp-json\/wp\/v2\/comments\/?post=10542"}],"version-history":[{"count":3,"href":"https:\/\/jotapardo.com\/es\/wp-json\/wp\/v2\/pages\/10542\/revisions\/"}],"predecessor-version":[{"id":10545,"href":"https:\/\/jotapardo.com\/es\/wp-json\/wp\/v2\/pages\/10542\/revisions\/10545\/"}],"wp:featuredmedia":[{"embeddable":true,"href":"https:\/\/jotapardo.com\/es\/wp-json\/wp\/v2\/media\/10380\/"}],"wp:attachment":[{"href":"https:\/\/jotapardo.com\/es\/wp-json\/wp\/v2\/media\/?parent=10542"}],"curies":[{"name":"wp","href":"https:\/\/api.w.org\/{rel}","templated":true}]}}