{"id":10607,"date":"2026-01-26T19:05:26","date_gmt":"2026-01-27T00:05:26","guid":{"rendered":"https:\/\/jotapardo.com\/?page_id=10607"},"modified":"2026-02-16T20:52:57","modified_gmt":"2026-02-17T01:52:57","slug":"film-photography","status":"publish","type":"page","link":"https:\/\/jotapardo.com\/es\/film-photography\/","title":{"rendered":"Film Photography"},"content":{"rendered":"","protected":false},"excerpt":{"rendered":"","protected":false},"author":1,"featured_media":0,"parent":0,"menu_order":0,"comment_status":"closed","ping_status":"closed","template":"","meta":{"_joinchat":[],"footnotes":""},"class_list":["post-10607","page","type-page","status-publish"],"yoast_head":"<!-- This site is optimized with the Yoast SEO plugin v27.4 - https:\/\/yoast.com\/product\/yoast-seo-wordpress\/ -->\n<title>Film Photography | Mejores fot\u00f3grafos de Bodas en Medell\u00edn, Destination Wedding Photographer, Elopement Weddings Colombia Medellin, Best wedding photographer in Medellin, Cartagena, Bogot\u00e1, Santa Marta. Bodas Adventistas, Bodas Cristianas, Fot\u00f3grafo de matrimonios, Adventist Wedding Photographer<\/title>\n<meta name=\"robots\" content=\"index, follow, max-snippet:-1, max-image-preview:large, max-video-preview:-1\" \/>\n<link rel=\"canonical\" href=\"https:\/\/jotapardo.com\/es\/film-photography\/\" \/>\n<meta property=\"og:locale\" content=\"es_ES\" \/>\n<meta property=\"og:type\" content=\"article\" \/>\n<meta property=\"og:title\" content=\"Film Photography | Mejores fot\u00f3grafos de Bodas en Medell\u00edn, Destination Wedding Photographer, Elopement Weddings Colombia Medellin, Best wedding photographer in Medellin, Cartagena, Bogot\u00e1, Santa Marta. Bodas Adventistas, Bodas Cristianas, Fot\u00f3grafo de matrimonios, Adventist Wedding Photographer\" \/>\n<meta property=\"og:url\" content=\"https:\/\/jotapardo.com\/es\/film-photography\/\" \/>\n<meta property=\"og:site_name\" content=\"Mejores fot\u00f3grafos de Bodas en Medell\u00edn, Destination Wedding Photographer, Elopement Weddings Colombia Medellin, Best wedding photographer in Medellin, Cartagena, Bogot\u00e1, Santa Marta. Bodas Adventistas, Bodas Cristianas, Fot\u00f3grafo de matrimonios, Adventist Wedding Photographer\" \/>\n<meta property=\"article:publisher\" content=\"https:\/\/www.facebook.com\/JotaPardoPhoto\" \/>\n<meta property=\"article:modified_time\" content=\"2026-02-17T01:52:57+00:00\" \/>\n<meta property=\"og:image\" content=\"https:\/\/jotapardo.com\/wp-content\/uploads\/Kait-and-Martin-Luxury-Wedding-Montana-Centro-de-Eventos-Casablanca-Bridal-European-Custom-Tailor-Insyle-by-Kat-Jota-Pardo-Wedding-Photographer-546.jpg\" \/>\n\t<meta property=\"og:image:width\" content=\"2400\" \/>\n\t<meta property=\"og:image:height\" content=\"1600\" \/>\n\t<meta property=\"og:image:type\" content=\"image\/jpeg\" \/>\n<meta name=\"twitter:card\" content=\"summary_large_image\" \/>\n<meta name=\"twitter:site\" content=\"@jotapardophoto\" \/>\n<script type=\"application\/ld+json\" class=\"yoast-schema-graph\">{\"@context\":\"https:\\\/\\\/schema.org\",\"@graph\":[{\"@type\":\"WebPage\",\"@id\":\"https:\\\/\\\/jotapardo.com\\\/es\\\/film-photography\\\/\",\"url\":\"https:\\\/\\\/jotapardo.com\\\/es\\\/film-photography\\\/\",\"name\":\"Film Photography | Mejores fot\u00f3grafos de Bodas en Medell\u00edn, Destination Wedding Photographer, Elopement Weddings Colombia Medellin, Best wedding photographer in Medellin, Cartagena, Bogot\u00e1, Santa Marta. Bodas Adventistas, Bodas Cristianas, Fot\u00f3grafo de matrimonios, Adventist Wedding Photographer\",\"isPartOf\":{\"@id\":\"https:\\\/\\\/jotapardo.com\\\/#website\"},\"datePublished\":\"2026-01-27T00:05:26+00:00\",\"dateModified\":\"2026-02-17T01:52:57+00:00\",\"breadcrumb\":{\"@id\":\"https:\\\/\\\/jotapardo.com\\\/es\\\/film-photography\\\/#breadcrumb\"},\"inLanguage\":\"es\",\"potentialAction\":[{\"@type\":\"ReadAction\",\"target\":[\"https:\\\/\\\/jotapardo.com\\\/es\\\/film-photography\\\/\"]}]},{\"@type\":\"BreadcrumbList\",\"@id\":\"https:\\\/\\\/jotapardo.com\\\/es\\\/film-photography\\\/#breadcrumb\",\"itemListElement\":[{\"@type\":\"ListItem\",\"position\":1,\"name\":\"Home\",\"item\":\"https:\\\/\\\/jotapardo.com\\\/es\\\/\"},{\"@type\":\"ListItem\",\"position\":2,\"name\":\"Film Photography\"}]},{\"@type\":\"WebSite\",\"@id\":\"https:\\\/\\\/jotapardo.com\\\/#website\",\"url\":\"https:\\\/\\\/jotapardo.com\\\/\",\"name\":\"Mejores fot\u00f3grafos de Bodas en Medell\u00edn, Destination Wedding Photographer, Elopement Weddings Colombia Medellin, Best wedding photographer in Medellin, Cartagena, Bogot\u00e1, Santa Marta. Bodas Adventistas, Bodas Cristianas, Fot\u00f3grafo de matrimonios, Adventist Wedding Photographer\",\"description\":\"Luxury Wedding Photography in Colombia | Jota Pardo\",\"publisher\":{\"@id\":\"https:\\\/\\\/jotapardo.com\\\/#\\\/schema\\\/person\\\/b096f1d12b61720da2fa9f8099c497ee\"},\"alternateName\":\"Jota Pardo Wedding Photographer in Colombia\",\"potentialAction\":[{\"@type\":\"SearchAction\",\"target\":{\"@type\":\"EntryPoint\",\"urlTemplate\":\"https:\\\/\\\/jotapardo.com\\\/?s={search_term_string}\"},\"query-input\":{\"@type\":\"PropertyValueSpecification\",\"valueRequired\":true,\"valueName\":\"search_term_string\"}}],\"inLanguage\":\"es\"},{\"@type\":[\"Person\",\"Organization\"],\"@id\":\"https:\\\/\\\/jotapardo.com\\\/#\\\/schema\\\/person\\\/b096f1d12b61720da2fa9f8099c497ee\",\"name\":\"Jota Pardo\",\"image\":{\"@type\":\"ImageObject\",\"inLanguage\":\"es\",\"@id\":\"https:\\\/\\\/jotapardo.com\\\/wp-content\\\/uploads\\\/Best-Wedding-Photographer-Medellin-Elopement-Colombia-Destination-wedding-photographer-gray.png\",\"url\":\"https:\\\/\\\/jotapardo.com\\\/wp-content\\\/uploads\\\/Best-Wedding-Photographer-Medellin-Elopement-Colombia-Destination-wedding-photographer-gray.png\",\"contentUrl\":\"https:\\\/\\\/jotapardo.com\\\/wp-content\\\/uploads\\\/Best-Wedding-Photographer-Medellin-Elopement-Colombia-Destination-wedding-photographer-gray.png\",\"width\":162,\"height\":96,\"caption\":\"Jota Pardo\"},\"logo\":{\"@id\":\"https:\\\/\\\/jotapardo.com\\\/wp-content\\\/uploads\\\/Best-Wedding-Photographer-Medellin-Elopement-Colombia-Destination-wedding-photographer-gray.png\"},\"description\":\"Fot\u00f3grafo de bodas en Medell\u00edn a trav\u00e9s de la marca Jota Pardo Wedding Photographer. Cuento con m\u00e1s de 6 a\u00f1os realizando bodas a nivel nacional e internacional. Me especializo en bodas Adventistas principalmente. \\\/ Wedding photographer based in Medellin. I have more than 5 years photographing weddings nationally and internationally. I mainly specialize in Adventist weddings.\",\"sameAs\":[\"http:\\\/\\\/www.jotapardo.com\",\"https:\\\/\\\/www.facebook.com\\\/JotaPardoPhoto\",\"https:\\\/\\\/instagram.com\\\/jotapardophoto\",\"https:\\\/\\\/x.com\\\/jotapardophoto\",\"UCslD7AdLqjl39CNH7rt1YyA\"]}]}<\/script>\n<!-- \/ Yoast SEO plugin. -->","yoast_head_json":{"title":"Film Photography | Mejores fot\u00f3grafos de Bodas en Medell\u00edn, Destination Wedding Photographer, Elopement Weddings Colombia Medellin, Best wedding photographer in Medellin, Cartagena, Bogot\u00e1, Santa Marta. Bodas Adventistas, Bodas Cristianas, Fot\u00f3grafo de matrimonios, Adventist Wedding Photographer","robots":{"index":"index","follow":"follow","max-snippet":"max-snippet:-1","max-image-preview":"max-image-preview:large","max-video-preview":"max-video-preview:-1"},"canonical":"https:\/\/jotapardo.com\/es\/film-photography\/","og_locale":"es_ES","og_type":"article","og_title":"Film Photography | Mejores fot\u00f3grafos de Bodas en Medell\u00edn, Destination Wedding Photographer, Elopement Weddings Colombia Medellin, Best wedding photographer in Medellin, Cartagena, Bogot\u00e1, Santa Marta. Bodas Adventistas, Bodas Cristianas, Fot\u00f3grafo de matrimonios, Adventist Wedding Photographer","og_url":"https:\/\/jotapardo.com\/es\/film-photography\/","og_site_name":"Mejores fot\u00f3grafos de Bodas en Medell\u00edn, Destination Wedding Photographer, Elopement Weddings Colombia Medellin, Best wedding photographer in Medellin, Cartagena, Bogot\u00e1, Santa Marta. Bodas Adventistas, Bodas Cristianas, Fot\u00f3grafo de matrimonios, Adventist Wedding Photographer","article_publisher":"https:\/\/www.facebook.com\/JotaPardoPhoto","article_modified_time":"2026-02-17T01:52:57+00:00","og_image":[{"width":2400,"height":1600,"url":"https:\/\/jotapardo.com\/wp-content\/uploads\/Kait-and-Martin-Luxury-Wedding-Montana-Centro-de-Eventos-Casablanca-Bridal-European-Custom-Tailor-Insyle-by-Kat-Jota-Pardo-Wedding-Photographer-546.jpg","type":"image\/jpeg"}],"twitter_card":"summary_large_image","twitter_site":"@jotapardophoto","schema":{"@context":"https:\/\/schema.org","@graph":[{"@type":"WebPage","@id":"https:\/\/jotapardo.com\/es\/film-photography\/","url":"https:\/\/jotapardo.com\/es\/film-photography\/","name":"Film Photography | Mejores fot\u00f3grafos de Bodas en Medell\u00edn, Destination Wedding Photographer, Elopement Weddings Colombia Medellin, Best wedding photographer in Medellin, Cartagena, Bogot\u00e1, Santa Marta. Bodas Adventistas, Bodas Cristianas, Fot\u00f3grafo de matrimonios, Adventist Wedding Photographer","isPartOf":{"@id":"https:\/\/jotapardo.com\/#website"},"datePublished":"2026-01-27T00:05:26+00:00","dateModified":"2026-02-17T01:52:57+00:00","breadcrumb":{"@id":"https:\/\/jotapardo.com\/es\/film-photography\/#breadcrumb"},"inLanguage":"es","potentialAction":[{"@type":"ReadAction","target":["https:\/\/jotapardo.com\/es\/film-photography\/"]}]},{"@type":"BreadcrumbList","@id":"https:\/\/jotapardo.com\/es\/film-photography\/#breadcrumb","itemListElement":[{"@type":"ListItem","position":1,"name":"Home","item":"https:\/\/jotapardo.com\/es\/"},{"@type":"ListItem","position":2,"name":"Film Photography"}]},{"@type":"WebSite","@id":"https:\/\/jotapardo.com\/#website","url":"https:\/\/jotapardo.com\/","name":"Mejores fot\u00f3grafos de Bodas en Medell\u00edn, Destination Wedding Photographer, Elopement Weddings Colombia Medellin, Best wedding photographer in Medellin, Cartagena, Bogot\u00e1, Santa Marta. Bodas Adventistas, Bodas Cristianas, Fot\u00f3grafo de matrimonios, Adventist Wedding Photographer","description":"Luxury Wedding Photography in Colombia | Jota Pardo","publisher":{"@id":"https:\/\/jotapardo.com\/#\/schema\/person\/b096f1d12b61720da2fa9f8099c497ee"},"alternateName":"Jota Pardo Wedding Photographer in Colombia","potentialAction":[{"@type":"SearchAction","target":{"@type":"EntryPoint","urlTemplate":"https:\/\/jotapardo.com\/?s={search_term_string}"},"query-input":{"@type":"PropertyValueSpecification","valueRequired":true,"valueName":"search_term_string"}}],"inLanguage":"es"},{"@type":["Person","Organization"],"@id":"https:\/\/jotapardo.com\/#\/schema\/person\/b096f1d12b61720da2fa9f8099c497ee","name":"Jota Pardo","image":{"@type":"ImageObject","inLanguage":"es","@id":"https:\/\/jotapardo.com\/wp-content\/uploads\/Best-Wedding-Photographer-Medellin-Elopement-Colombia-Destination-wedding-photographer-gray.png","url":"https:\/\/jotapardo.com\/wp-content\/uploads\/Best-Wedding-Photographer-Medellin-Elopement-Colombia-Destination-wedding-photographer-gray.png","contentUrl":"https:\/\/jotapardo.com\/wp-content\/uploads\/Best-Wedding-Photographer-Medellin-Elopement-Colombia-Destination-wedding-photographer-gray.png","width":162,"height":96,"caption":"Jota Pardo"},"logo":{"@id":"https:\/\/jotapardo.com\/wp-content\/uploads\/Best-Wedding-Photographer-Medellin-Elopement-Colombia-Destination-wedding-photographer-gray.png"},"description":"Fot\u00f3grafo de bodas en Medell\u00edn a trav\u00e9s de la marca Jota Pardo Wedding Photographer. Cuento con m\u00e1s de 6 a\u00f1os realizando bodas a nivel nacional e internacional. Me especializo en bodas Adventistas principalmente. \/ Wedding photographer based in Medellin. I have more than 5 years photographing weddings nationally and internationally. I mainly specialize in Adventist weddings.","sameAs":["http:\/\/www.jotapardo.com","https:\/\/www.facebook.com\/JotaPardoPhoto","https:\/\/instagram.com\/jotapardophoto","https:\/\/x.com\/jotapardophoto","UCslD7AdLqjl39CNH7rt1YyA"]}]}},"_links":{"self":[{"href":"https:\/\/jotapardo.com\/es\/wp-json\/wp\/v2\/pages\/10607\/"}],"collection":[{"href":"https:\/\/jotapardo.com\/es\/wp-json\/wp\/v2\/pages\/"}],"about":[{"href":"https:\/\/jotapardo.com\/es\/wp-json\/wp\/v2\/types\/page\/"}],"author":[{"embeddable":true,"href":"https:\/\/jotapardo.com\/es\/wp-json\/wp\/v2\/users\/1\/"}],"replies":[{"embeddable":true,"href":"https:\/\/jotapardo.com\/es\/wp-json\/wp\/v2\/comments\/?post=10607"}],"version-history":[{"count":1,"href":"https:\/\/jotapardo.com\/es\/wp-json\/wp\/v2\/pages\/10607\/revisions\/"}],"predecessor-version":[{"id":10608,"href":"https:\/\/jotapardo.com\/es\/wp-json\/wp\/v2\/pages\/10607\/revisions\/10608\/"}],"wp:attachment":[{"href":"https:\/\/jotapardo.com\/es\/wp-json\/wp\/v2\/media\/?parent=10607"}],"curies":[{"name":"wp","href":"https:\/\/api.w.org\/{rel}","templated":true}]}}