{"id":9219,"date":"2023-03-13T10:01:10","date_gmt":"2023-03-13T15:01:10","guid":{"rendered":"https:\/\/jotapardo.com\/wedding-photographer-cartagena-medellin\/"},"modified":"2024-03-13T22:50:02","modified_gmt":"2024-03-14T03:50:02","slug":"wedding-photographer-cartagena-medellin","status":"publish","type":"page","link":"https:\/\/jotapardo.com\/es\/","title":{"rendered":"Wedding Photographer in Medellin, Wedding Photographer in Cartagena,Destination Wedding Photographer Colombia \u2013 Best Wedding Photographer in Cartagena Medell\u00edn Bogot\u00e1 Santa Marta Miami Colombia | Mejores fot\u00f3grafos Colombia Fot\u00f3grafo de bodas Colombia | Fot\u00f3grafo de bodas en Cartagena | Fot\u00f3grafo de bodas en Villa de Leiva | Fot\u00f3grafo de bodas en Bogot\u00e1 | Fot\u00f3grafo de bodas en Medell\u00edn | Fot\u00f3grafo de bodas Miami \u2013 Jota Pardo Best Wedding Photographer Cartagena Medell\u00edn Bogot\u00e1, Fot\u00f3grafo de bodas Medell\u00edn, Miami NYC Colombia | Fot\u00f3grafo de bodas Cartagena | Fot\u00f3grafo de bodas Villa de Leiva | Fot\u00f3grafo de bodas Bogot\u00e1 | Fot\u00f3grafo de bodas Medell\u00edn | Fot\u00f3grafo de bodas MiamiFot\u00f3grafo de bodas en Medell\u00edn, Fot\u00f3grafo de bodas en Cartagena, Fot\u00f3grafo de bodas de destino Colombia \u2013 Mejor fot\u00f3grafo de bodas en Cartagena Medell\u00edn Bogot\u00e1 Santa Marta Miami Colombia | Mejores fot\u00f3grafos Colombia Fot\u00f3grafo de bodas Colombia | Fot\u00f3grafo de bodas en Cartagena | Fot\u00f3grafo de bodas en Villa de Leiva | Fot\u00f3grafo de bodas en Bogot\u00e1 | Fot\u00f3grafo de bodas en Medell\u00edn | Fot\u00f3grafo de bodas Miami \u2013 Jota Pardo Mejor fot\u00f3grafo de bodas Cartagena Medell\u00edn Bogot\u00e1, Fot\u00f3grafo de bodas Medell\u00edn, Miami NYC Colombia | Fot\u00f3grafo de bodas Cartagena | Fot\u00f3grafo de bodas Villa de Leiva | Fot\u00f3grafo de bodas Bogot\u00e1 | Fot\u00f3grafo de bodas Medell\u00edn | Fot\u00f3grafo de bodas MiamiWedding Photographer in Medellin, Wedding Photographer in Cartagena,Destination Wedding Photographer Colombia \u2013 Best Wedding Photographer in Cartagena Medell\u00edn Bogot\u00e1 Santa Marta Miami Colombia | Mejores fot\u00f3grafos Colombia Fot\u00f3grafo de bodas Colombia | Fot\u00f3grafo de bodas en Cartagena | Fot\u00f3grafo de bodas en Villa de Leiva | Fot\u00f3grafo de bodas en Bogot\u00e1 | Fot\u00f3grafo de bodas en Medell\u00edn | Fot\u00f3grafo de bodas Miami \u2013 Jota Pardo Best Wedding Photographer Cartagena Medell\u00edn Bogot\u00e1, Fot\u00f3grafo de bodas Medell\u00edn, Miami NYC Colombia | Fot\u00f3grafo de bodas Cartagena | Fot\u00f3grafo de bodas Villa de Leiva | Fot\u00f3grafo de bodas Bogot\u00e1 | Fot\u00f3grafo de bodas Medell\u00edn | Fot\u00f3grafo de bodas Miami"},"content":{"rendered":"","protected":false},"excerpt":{"rendered":"","protected":false},"author":1,"featured_media":8848,"parent":0,"menu_order":0,"comment_status":"closed","ping_status":"closed","template":"","meta":{"_joinchat":[],"footnotes":""},"class_list":["post-9219","page","type-page","status-publish","has-post-thumbnail"],"yoast_head":"<!-- This site is optimized with the Yoast SEO plugin v27.3 - https:\/\/yoast.com\/product\/yoast-seo-wordpress\/ -->\n<title>Jota Pardo: Destination Elopement Wedding Photographer Medellin<\/title>\n<meta name=\"description\" content=\"Your wedding is all about you. Your family, friends and relatives are there to celebrate with you. Be your true self with all your quirky personality.\" \/>\n<meta name=\"robots\" content=\"index, follow, max-snippet:-1, max-image-preview:large, max-video-preview:-1\" \/>\n<link rel=\"canonical\" href=\"https:\/\/jotapardo.com\/es\/\" \/>\n<meta property=\"og:locale\" content=\"es_ES\" \/>\n<meta property=\"og:type\" content=\"article\" \/>\n<meta property=\"og:title\" content=\"Jota Pardo: Destination Elopement Wedding Photographer Medellin\" \/>\n<meta property=\"og:description\" content=\"Your wedding is all about you. Your family, friends and relatives are there to celebrate with you. Be your true self with all your quirky personality.\" \/>\n<meta property=\"og:url\" content=\"https:\/\/jotapardo.com\/es\/\" \/>\n<meta property=\"og:site_name\" content=\"Mejores fot\u00f3grafos de Bodas en Medell\u00edn, Destination Wedding Photographer, Elopement Weddings Colombia Medellin, Best wedding photographer in Medellin, Cartagena, Bogot\u00e1, Santa Marta. Bodas Adventistas, Bodas Cristianas, Fot\u00f3grafo de matrimonios, Adventist Wedding Photographer\" \/>\n<meta property=\"article:publisher\" content=\"https:\/\/www.facebook.com\/JotaPardoPhoto\" \/>\n<meta property=\"article:modified_time\" content=\"2024-03-14T03:50:02+00:00\" \/>\n<meta property=\"og:image\" content=\"https:\/\/jotapardo.com\/wp-content\/uploads\/Edna-y-Arturo-The-Bridal-WP-Cartagena-wedding-Hotel-Hilton-Boda-en-la-playa-wedding-photographer-5245-1-scaled.jpg\" \/>\n\t<meta property=\"og:image:width\" content=\"2560\" \/>\n\t<meta property=\"og:image:height\" content=\"1704\" \/>\n\t<meta property=\"og:image:type\" content=\"image\/jpeg\" \/>\n<meta name=\"twitter:card\" content=\"summary_large_image\" \/>\n<meta name=\"twitter:site\" content=\"@jotapardophoto\" \/>\n<meta name=\"twitter:label1\" content=\"Tiempo de lectura\" \/>\n\t<meta name=\"twitter:data1\" content=\"4 minutos\" \/>\n<script type=\"application\/ld+json\" class=\"yoast-schema-graph\">{\"@context\":\"https:\\\/\\\/schema.org\",\"@graph\":[{\"@type\":\"WebPage\",\"@id\":\"https:\\\/\\\/jotapardo.com\\\/es\\\/\",\"url\":\"https:\\\/\\\/jotapardo.com\\\/es\\\/\",\"name\":\"Jota Pardo: Destination Elopement Wedding Photographer Medellin\",\"isPartOf\":{\"@id\":\"https:\\\/\\\/jotapardo.com\\\/#website\"},\"primaryImageOfPage\":{\"@id\":\"https:\\\/\\\/jotapardo.com\\\/es\\\/#primaryimage\"},\"image\":{\"@id\":\"https:\\\/\\\/jotapardo.com\\\/es\\\/#primaryimage\"},\"thumbnailUrl\":\"https:\\\/\\\/jotapardo.com\\\/wp-content\\\/uploads\\\/Edna-y-Arturo-The-Bridal-WP-Cartagena-wedding-Hotel-Hilton-Boda-en-la-playa-wedding-photographer-5245-1-scaled.jpg\",\"datePublished\":\"2023-03-13T15:01:10+00:00\",\"dateModified\":\"2024-03-14T03:50:02+00:00\",\"description\":\"Your wedding is all about you. Your family, friends and relatives are there to celebrate with you. Be your true self with all your quirky personality.\",\"breadcrumb\":{\"@id\":\"https:\\\/\\\/jotapardo.com\\\/es\\\/#breadcrumb\"},\"inLanguage\":\"es\",\"potentialAction\":[{\"@type\":\"ReadAction\",\"target\":[\"https:\\\/\\\/jotapardo.com\\\/es\\\/\"]}]},{\"@type\":\"ImageObject\",\"inLanguage\":\"es\",\"@id\":\"https:\\\/\\\/jotapardo.com\\\/es\\\/#primaryimage\",\"url\":\"https:\\\/\\\/jotapardo.com\\\/wp-content\\\/uploads\\\/Edna-y-Arturo-The-Bridal-WP-Cartagena-wedding-Hotel-Hilton-Boda-en-la-playa-wedding-photographer-5245-1-scaled.jpg\",\"contentUrl\":\"https:\\\/\\\/jotapardo.com\\\/wp-content\\\/uploads\\\/Edna-y-Arturo-The-Bridal-WP-Cartagena-wedding-Hotel-Hilton-Boda-en-la-playa-wedding-photographer-5245-1-scaled.jpg\",\"width\":2560,\"height\":1704},{\"@type\":\"BreadcrumbList\",\"@id\":\"https:\\\/\\\/jotapardo.com\\\/es\\\/#breadcrumb\",\"itemListElement\":[{\"@type\":\"ListItem\",\"position\":1,\"name\":\"Home\",\"item\":\"https:\\\/\\\/jotapardo.com\\\/es\\\/\"},{\"@type\":\"ListItem\",\"position\":2,\"name\":\"Wedding Photographer in Medellin, Wedding Photographer in Cartagena,Destination Wedding Photographer Colombia \u2013 Best Wedding Photographer in Cartagena Medell\u00edn Bogot\u00e1 Santa Marta Miami Colombia | Mejores fot\u00f3grafos Colombia Fot\u00f3grafo de bodas Colombia | Fot\u00f3grafo de bodas en Cartagena | Fot\u00f3grafo de bodas en Villa de Leiva | Fot\u00f3grafo de bodas en Bogot\u00e1 | Fot\u00f3grafo de bodas en Medell\u00edn | Fot\u00f3grafo de bodas Miami \u2013 Jota Pardo Best Wedding Photographer Cartagena Medell\u00edn Bogot\u00e1, Fot\u00f3grafo de bodas Medell\u00edn, Miami NYC Colombia | Fot\u00f3grafo de bodas Cartagena | Fot\u00f3grafo de bodas Villa de Leiva | Fot\u00f3grafo de bodas Bogot\u00e1 | Fot\u00f3grafo de bodas Medell\u00edn | Fot\u00f3grafo de bodas MiamiFot\u00f3grafo de bodas en Medell\u00edn, Fot\u00f3grafo de bodas en Cartagena, Fot\u00f3grafo de bodas de destino Colombia \u2013 Mejor fot\u00f3grafo de bodas en Cartagena Medell\u00edn Bogot\u00e1 Santa Marta Miami Colombia | Mejores fot\u00f3grafos Colombia Fot\u00f3grafo de bodas Colombia | Fot\u00f3grafo de bodas en Cartagena | Fot\u00f3grafo de bodas en Villa de Leiva | Fot\u00f3grafo de bodas en Bogot\u00e1 | Fot\u00f3grafo de bodas en Medell\u00edn | Fot\u00f3grafo de bodas Miami \u2013 Jota Pardo Mejor fot\u00f3grafo de bodas Cartagena Medell\u00edn Bogot\u00e1, Fot\u00f3grafo de bodas Medell\u00edn, Miami NYC Colombia | Fot\u00f3grafo de bodas Cartagena | Fot\u00f3grafo de bodas Villa de Leiva | Fot\u00f3grafo de bodas Bogot\u00e1 | Fot\u00f3grafo de bodas Medell\u00edn | Fot\u00f3grafo de bodas MiamiWedding Photographer in Medellin, Wedding Photographer in Cartagena,Destination Wedding Photographer Colombia \u2013 Best Wedding Photographer in Cartagena Medell\u00edn Bogot\u00e1 Santa Marta Miami Colombia | Mejores fot\u00f3grafos Colombia Fot\u00f3grafo de bodas Colombia | Fot\u00f3grafo de bodas en Cartagena | Fot\u00f3grafo de bodas en Villa de Leiva | Fot\u00f3grafo de bodas en Bogot\u00e1 | Fot\u00f3grafo de bodas en Medell\u00edn | Fot\u00f3grafo de bodas Miami \u2013 Jota Pardo Best Wedding Photographer Cartagena Medell\u00edn Bogot\u00e1, Fot\u00f3grafo de bodas Medell\u00edn, Miami NYC Colombia | Fot\u00f3grafo de bodas Cartagena | Fot\u00f3grafo de bodas Villa de Leiva | Fot\u00f3grafo de bodas Bogot\u00e1 | Fot\u00f3grafo de bodas Medell\u00edn | Fot\u00f3grafo de bodas Miami\"}]},{\"@type\":\"WebSite\",\"@id\":\"https:\\\/\\\/jotapardo.com\\\/#website\",\"url\":\"https:\\\/\\\/jotapardo.com\\\/\",\"name\":\"Mejores fot\u00f3grafos de Bodas en Medell\u00edn, Destination Wedding Photographer, Elopement Weddings Colombia Medellin, Best wedding photographer in Medellin, Cartagena, Bogot\u00e1, Santa Marta. Bodas Adventistas, Bodas Cristianas, Fot\u00f3grafo de matrimonios, Adventist Wedding Photographer\",\"description\":\"Luxury Wedding Photography in Colombia | Jota Pardo\",\"publisher\":{\"@id\":\"https:\\\/\\\/jotapardo.com\\\/#\\\/schema\\\/person\\\/b096f1d12b61720da2fa9f8099c497ee\"},\"alternateName\":\"Jota Pardo Wedding Photographer in Colombia\",\"potentialAction\":[{\"@type\":\"SearchAction\",\"target\":{\"@type\":\"EntryPoint\",\"urlTemplate\":\"https:\\\/\\\/jotapardo.com\\\/?s={search_term_string}\"},\"query-input\":{\"@type\":\"PropertyValueSpecification\",\"valueRequired\":true,\"valueName\":\"search_term_string\"}}],\"inLanguage\":\"es\"},{\"@type\":[\"Person\",\"Organization\"],\"@id\":\"https:\\\/\\\/jotapardo.com\\\/#\\\/schema\\\/person\\\/b096f1d12b61720da2fa9f8099c497ee\",\"name\":\"Jota Pardo\",\"image\":{\"@type\":\"ImageObject\",\"inLanguage\":\"es\",\"@id\":\"https:\\\/\\\/jotapardo.com\\\/wp-content\\\/uploads\\\/Best-Wedding-Photographer-Medellin-Elopement-Colombia-Destination-wedding-photographer-gray.png\",\"url\":\"https:\\\/\\\/jotapardo.com\\\/wp-content\\\/uploads\\\/Best-Wedding-Photographer-Medellin-Elopement-Colombia-Destination-wedding-photographer-gray.png\",\"contentUrl\":\"https:\\\/\\\/jotapardo.com\\\/wp-content\\\/uploads\\\/Best-Wedding-Photographer-Medellin-Elopement-Colombia-Destination-wedding-photographer-gray.png\",\"width\":162,\"height\":96,\"caption\":\"Jota Pardo\"},\"logo\":{\"@id\":\"https:\\\/\\\/jotapardo.com\\\/wp-content\\\/uploads\\\/Best-Wedding-Photographer-Medellin-Elopement-Colombia-Destination-wedding-photographer-gray.png\"},\"description\":\"Fot\u00f3grafo de bodas en Medell\u00edn a trav\u00e9s de la marca Jota Pardo Wedding Photographer. Cuento con m\u00e1s de 6 a\u00f1os realizando bodas a nivel nacional e internacional. Me especializo en bodas Adventistas principalmente. \\\/ Wedding photographer based in Medellin. I have more than 5 years photographing weddings nationally and internationally. I mainly specialize in Adventist weddings.\",\"sameAs\":[\"http:\\\/\\\/www.jotapardo.com\",\"https:\\\/\\\/www.facebook.com\\\/JotaPardoPhoto\",\"https:\\\/\\\/instagram.com\\\/jotapardophoto\",\"https:\\\/\\\/x.com\\\/jotapardophoto\",\"UCslD7AdLqjl39CNH7rt1YyA\"]}]}<\/script>\n<!-- \/ Yoast SEO plugin. -->","yoast_head_json":{"title":"Jota Pardo: Destination Elopement Wedding Photographer Medellin","description":"Your wedding is all about you. Your family, friends and relatives are there to celebrate with you. Be your true self with all your quirky personality.","robots":{"index":"index","follow":"follow","max-snippet":"max-snippet:-1","max-image-preview":"max-image-preview:large","max-video-preview":"max-video-preview:-1"},"canonical":"https:\/\/jotapardo.com\/es\/","og_locale":"es_ES","og_type":"article","og_title":"Jota Pardo: Destination Elopement Wedding Photographer Medellin","og_description":"Your wedding is all about you. Your family, friends and relatives are there to celebrate with you. Be your true self with all your quirky personality.","og_url":"https:\/\/jotapardo.com\/es\/","og_site_name":"Mejores fot\u00f3grafos de Bodas en Medell\u00edn, Destination Wedding Photographer, Elopement Weddings Colombia Medellin, Best wedding photographer in Medellin, Cartagena, Bogot\u00e1, Santa Marta. Bodas Adventistas, Bodas Cristianas, Fot\u00f3grafo de matrimonios, Adventist Wedding Photographer","article_publisher":"https:\/\/www.facebook.com\/JotaPardoPhoto","article_modified_time":"2024-03-14T03:50:02+00:00","og_image":[{"width":2560,"height":1704,"url":"https:\/\/jotapardo.com\/wp-content\/uploads\/Edna-y-Arturo-The-Bridal-WP-Cartagena-wedding-Hotel-Hilton-Boda-en-la-playa-wedding-photographer-5245-1-scaled.jpg","type":"image\/jpeg"}],"twitter_card":"summary_large_image","twitter_site":"@jotapardophoto","twitter_misc":{"Tiempo de lectura":"4 minutos"},"schema":{"@context":"https:\/\/schema.org","@graph":[{"@type":"WebPage","@id":"https:\/\/jotapardo.com\/es\/","url":"https:\/\/jotapardo.com\/es\/","name":"Jota Pardo: Destination Elopement Wedding Photographer Medellin","isPartOf":{"@id":"https:\/\/jotapardo.com\/#website"},"primaryImageOfPage":{"@id":"https:\/\/jotapardo.com\/es\/#primaryimage"},"image":{"@id":"https:\/\/jotapardo.com\/es\/#primaryimage"},"thumbnailUrl":"https:\/\/jotapardo.com\/wp-content\/uploads\/Edna-y-Arturo-The-Bridal-WP-Cartagena-wedding-Hotel-Hilton-Boda-en-la-playa-wedding-photographer-5245-1-scaled.jpg","datePublished":"2023-03-13T15:01:10+00:00","dateModified":"2024-03-14T03:50:02+00:00","description":"Your wedding is all about you. Your family, friends and relatives are there to celebrate with you. Be your true self with all your quirky personality.","breadcrumb":{"@id":"https:\/\/jotapardo.com\/es\/#breadcrumb"},"inLanguage":"es","potentialAction":[{"@type":"ReadAction","target":["https:\/\/jotapardo.com\/es\/"]}]},{"@type":"ImageObject","inLanguage":"es","@id":"https:\/\/jotapardo.com\/es\/#primaryimage","url":"https:\/\/jotapardo.com\/wp-content\/uploads\/Edna-y-Arturo-The-Bridal-WP-Cartagena-wedding-Hotel-Hilton-Boda-en-la-playa-wedding-photographer-5245-1-scaled.jpg","contentUrl":"https:\/\/jotapardo.com\/wp-content\/uploads\/Edna-y-Arturo-The-Bridal-WP-Cartagena-wedding-Hotel-Hilton-Boda-en-la-playa-wedding-photographer-5245-1-scaled.jpg","width":2560,"height":1704},{"@type":"BreadcrumbList","@id":"https:\/\/jotapardo.com\/es\/#breadcrumb","itemListElement":[{"@type":"ListItem","position":1,"name":"Home","item":"https:\/\/jotapardo.com\/es\/"},{"@type":"ListItem","position":2,"name":"Wedding Photographer in Medellin, Wedding Photographer in Cartagena,Destination Wedding Photographer Colombia \u2013 Best Wedding Photographer in Cartagena Medell\u00edn Bogot\u00e1 Santa Marta Miami Colombia | Mejores fot\u00f3grafos Colombia Fot\u00f3grafo de bodas Colombia | Fot\u00f3grafo de bodas en Cartagena | Fot\u00f3grafo de bodas en Villa de Leiva | Fot\u00f3grafo de bodas en Bogot\u00e1 | Fot\u00f3grafo de bodas en Medell\u00edn | Fot\u00f3grafo de bodas Miami \u2013 Jota Pardo Best Wedding Photographer Cartagena Medell\u00edn Bogot\u00e1, Fot\u00f3grafo de bodas Medell\u00edn, Miami NYC Colombia | Fot\u00f3grafo de bodas Cartagena | Fot\u00f3grafo de bodas Villa de Leiva | Fot\u00f3grafo de bodas Bogot\u00e1 | Fot\u00f3grafo de bodas Medell\u00edn | Fot\u00f3grafo de bodas MiamiFot\u00f3grafo de bodas en Medell\u00edn, Fot\u00f3grafo de bodas en Cartagena, Fot\u00f3grafo de bodas de destino Colombia \u2013 Mejor fot\u00f3grafo de bodas en Cartagena Medell\u00edn Bogot\u00e1 Santa Marta Miami Colombia | Mejores fot\u00f3grafos Colombia Fot\u00f3grafo de bodas Colombia | Fot\u00f3grafo de bodas en Cartagena | Fot\u00f3grafo de bodas en Villa de Leiva | Fot\u00f3grafo de bodas en Bogot\u00e1 | Fot\u00f3grafo de bodas en Medell\u00edn | Fot\u00f3grafo de bodas Miami \u2013 Jota Pardo Mejor fot\u00f3grafo de bodas Cartagena Medell\u00edn Bogot\u00e1, Fot\u00f3grafo de bodas Medell\u00edn, Miami NYC Colombia | Fot\u00f3grafo de bodas Cartagena | Fot\u00f3grafo de bodas Villa de Leiva | Fot\u00f3grafo de bodas Bogot\u00e1 | Fot\u00f3grafo de bodas Medell\u00edn | Fot\u00f3grafo de bodas MiamiWedding Photographer in Medellin, Wedding Photographer in Cartagena,Destination Wedding Photographer Colombia \u2013 Best Wedding Photographer in Cartagena Medell\u00edn Bogot\u00e1 Santa Marta Miami Colombia | Mejores fot\u00f3grafos Colombia Fot\u00f3grafo de bodas Colombia | Fot\u00f3grafo de bodas en Cartagena | Fot\u00f3grafo de bodas en Villa de Leiva | Fot\u00f3grafo de bodas en Bogot\u00e1 | Fot\u00f3grafo de bodas en Medell\u00edn | Fot\u00f3grafo de bodas Miami \u2013 Jota Pardo Best Wedding Photographer Cartagena Medell\u00edn Bogot\u00e1, Fot\u00f3grafo de bodas Medell\u00edn, Miami NYC Colombia | Fot\u00f3grafo de bodas Cartagena | Fot\u00f3grafo de bodas Villa de Leiva | Fot\u00f3grafo de bodas Bogot\u00e1 | Fot\u00f3grafo de bodas Medell\u00edn | Fot\u00f3grafo de bodas Miami"}]},{"@type":"WebSite","@id":"https:\/\/jotapardo.com\/#website","url":"https:\/\/jotapardo.com\/","name":"Mejores fot\u00f3grafos de Bodas en Medell\u00edn, Destination Wedding Photographer, Elopement Weddings Colombia Medellin, Best wedding photographer in Medellin, Cartagena, Bogot\u00e1, Santa Marta. Bodas Adventistas, Bodas Cristianas, Fot\u00f3grafo de matrimonios, Adventist Wedding Photographer","description":"Luxury Wedding Photography in Colombia | Jota Pardo","publisher":{"@id":"https:\/\/jotapardo.com\/#\/schema\/person\/b096f1d12b61720da2fa9f8099c497ee"},"alternateName":"Jota Pardo Wedding Photographer in Colombia","potentialAction":[{"@type":"SearchAction","target":{"@type":"EntryPoint","urlTemplate":"https:\/\/jotapardo.com\/?s={search_term_string}"},"query-input":{"@type":"PropertyValueSpecification","valueRequired":true,"valueName":"search_term_string"}}],"inLanguage":"es"},{"@type":["Person","Organization"],"@id":"https:\/\/jotapardo.com\/#\/schema\/person\/b096f1d12b61720da2fa9f8099c497ee","name":"Jota Pardo","image":{"@type":"ImageObject","inLanguage":"es","@id":"https:\/\/jotapardo.com\/wp-content\/uploads\/Best-Wedding-Photographer-Medellin-Elopement-Colombia-Destination-wedding-photographer-gray.png","url":"https:\/\/jotapardo.com\/wp-content\/uploads\/Best-Wedding-Photographer-Medellin-Elopement-Colombia-Destination-wedding-photographer-gray.png","contentUrl":"https:\/\/jotapardo.com\/wp-content\/uploads\/Best-Wedding-Photographer-Medellin-Elopement-Colombia-Destination-wedding-photographer-gray.png","width":162,"height":96,"caption":"Jota Pardo"},"logo":{"@id":"https:\/\/jotapardo.com\/wp-content\/uploads\/Best-Wedding-Photographer-Medellin-Elopement-Colombia-Destination-wedding-photographer-gray.png"},"description":"Fot\u00f3grafo de bodas en Medell\u00edn a trav\u00e9s de la marca Jota Pardo Wedding Photographer. Cuento con m\u00e1s de 6 a\u00f1os realizando bodas a nivel nacional e internacional. Me especializo en bodas Adventistas principalmente. \/ Wedding photographer based in Medellin. I have more than 5 years photographing weddings nationally and internationally. I mainly specialize in Adventist weddings.","sameAs":["http:\/\/www.jotapardo.com","https:\/\/www.facebook.com\/JotaPardoPhoto","https:\/\/instagram.com\/jotapardophoto","https:\/\/x.com\/jotapardophoto","UCslD7AdLqjl39CNH7rt1YyA"]}]}},"_links":{"self":[{"href":"https:\/\/jotapardo.com\/es\/wp-json\/wp\/v2\/pages\/9219\/"}],"collection":[{"href":"https:\/\/jotapardo.com\/es\/wp-json\/wp\/v2\/pages\/"}],"about":[{"href":"https:\/\/jotapardo.com\/es\/wp-json\/wp\/v2\/types\/page\/"}],"author":[{"embeddable":true,"href":"https:\/\/jotapardo.com\/es\/wp-json\/wp\/v2\/users\/1\/"}],"replies":[{"embeddable":true,"href":"https:\/\/jotapardo.com\/es\/wp-json\/wp\/v2\/comments\/?post=9219"}],"version-history":[{"count":8,"href":"https:\/\/jotapardo.com\/es\/wp-json\/wp\/v2\/pages\/9219\/revisions\/"}],"predecessor-version":[{"id":9508,"href":"https:\/\/jotapardo.com\/es\/wp-json\/wp\/v2\/pages\/9219\/revisions\/9508\/"}],"wp:featuredmedia":[{"embeddable":true,"href":"https:\/\/jotapardo.com\/es\/wp-json\/wp\/v2\/media\/8848\/"}],"wp:attachment":[{"href":"https:\/\/jotapardo.com\/es\/wp-json\/wp\/v2\/media\/?parent=9219"}],"curies":[{"name":"wp","href":"https:\/\/api.w.org\/{rel}","templated":true}]}}