{"id":9228,"date":"2020-05-12T00:02:58","date_gmt":"2020-05-12T05:02:58","guid":{"rendered":"https:\/\/jotapardo.com\/photography-plans\/"},"modified":"2025-10-24T10:44:53","modified_gmt":"2025-10-24T15:44:53","slug":"photography-plans","status":"publish","type":"page","link":"https:\/\/jotapardo.com\/es\/photography-plans\/","title":{"rendered":"TESTIMONIALS"},"content":{"rendered":"\n<div class=\"wp-block-columns are-vertically-aligned-top is-layout-flex wp-container-core-columns-is-layout-9d6595d7 wp-block-columns-is-layout-flex\">\n<div class=\"wp-block-column is-vertically-aligned-top is-layout-flow wp-block-column-is-layout-flow\" style=\"flex-basis:33.33%\">\n<p class=\"has-large-font-size\">Because it is better that others talk about me<\/p>\n\n\n\n<p>I asked my partners to give their opinion on my work and here are their words.<\/p>\n\n\n\n<figure class=\"wp-block-audio\"><audio controls src=\"https:\/\/jotapardo.com\/wp-content\/uploads\/WhatsApp-Audio-2022-07-05-at-7.15.00-PM.ogg\"><\/audio><\/figure>\n\n\n\n<p>Daniela &amp; Daniel | American Wedding<\/p>\n\n\n\n<figure class=\"wp-block-audio\"><audio controls src=\"https:\/\/jotapardo.com\/wp-content\/uploads\/key-y-jamir.ogg\"><\/audio><\/figure>\n\n\n\n<p>Keyla &amp; Jamir | Beach wedding<\/p>\n\n\n\n<figure class=\"wp-block-audio\"><audio controls src=\"https:\/\/jotapardo.com\/wp-content\/uploads\/lau-y-pipe.ogg\"><\/audio><\/figure>\n\n\n\n<p>Laura &amp; Pipe<\/p>\n\n\n\n<figure class=\"wp-block-audio\"><audio controls src=\"https:\/\/jotapardo.com\/wp-content\/uploads\/virgy-y-david.ogg\"><\/audio><\/figure>\n\n\n\n<p>Virgy &amp; David | Wedding on a lake<\/p>\n\n\n\n<div style=\"height:100px\" aria-hidden=\"true\" class=\"wp-block-spacer\"><\/div>\n<\/div>\n<\/div>\n\n\n\n<p class=\"has-text-align-center\"><\/p>\n","protected":false},"excerpt":{"rendered":"<p>Because it is better that others talk about me I asked my partners to give their opinion on my work and here are their words. Daniela &amp; Daniel | American Wedding Keyla &amp; Jamir | Beach wedding Laura &amp; Pipe Virgy &amp; David | Wedding on a lake<\/p>\n","protected":false},"author":1,"featured_media":9373,"parent":0,"menu_order":0,"comment_status":"closed","ping_status":"closed","template":"","meta":{"_joinchat":[],"footnotes":""},"class_list":["post-9228","page","type-page","status-publish","has-post-thumbnail"],"yoast_head":"<!-- This site is optimized with the Yoast SEO plugin v27.4 - https:\/\/yoast.com\/product\/yoast-seo-wordpress\/ -->\n<title>AQU\u00cd INICIA TODO - LETS DO SOMETHING GREAT TOGETHER!<\/title>\n<meta name=\"description\" content=\"I&#039;m Jota, a fine art wedding photographer based Medellin, Colombia. I adore natural light. emotions and a touch of fine art.\" \/>\n<meta name=\"robots\" content=\"index, follow, max-snippet:-1, max-image-preview:large, max-video-preview:-1\" \/>\n<link rel=\"canonical\" href=\"https:\/\/jotapardo.com\/es\/photography-plans\/\" \/>\n<meta property=\"og:locale\" content=\"es_ES\" \/>\n<meta property=\"og:type\" content=\"article\" \/>\n<meta property=\"og:title\" content=\"AQU\u00cd INICIA TODO - LETS DO SOMETHING GREAT TOGETHER!\" \/>\n<meta property=\"og:description\" content=\"I&#039;m Jota, a fine art wedding photographer based Medellin, Colombia. I adore natural light. emotions and a touch of fine art.\" \/>\n<meta property=\"og:url\" content=\"https:\/\/jotapardo.com\/es\/photography-plans\/\" \/>\n<meta property=\"og:site_name\" content=\"Mejores fot\u00f3grafos de Bodas en Medell\u00edn, Destination Wedding Photographer, Elopement Weddings Colombia Medellin, Best wedding photographer in Medellin, Cartagena, Bogot\u00e1, Santa Marta. Bodas Adventistas, Bodas Cristianas, Fot\u00f3grafo de matrimonios, Adventist Wedding Photographer\" \/>\n<meta property=\"article:publisher\" content=\"https:\/\/www.facebook.com\/JotaPardoPhoto\" \/>\n<meta property=\"article:modified_time\" content=\"2025-10-24T15:44:53+00:00\" \/>\n<meta property=\"og:image\" content=\"https:\/\/jotapardo.com\/wp-content\/uploads\/KAITAN1.jpg\" \/>\n\t<meta property=\"og:image:width\" content=\"2560\" \/>\n\t<meta property=\"og:image:height\" content=\"1706\" \/>\n\t<meta property=\"og:image:type\" content=\"image\/jpeg\" \/>\n<meta name=\"twitter:card\" content=\"summary_large_image\" \/>\n<meta name=\"twitter:site\" content=\"@jotapardophoto\" \/>\n<meta name=\"twitter:label1\" content=\"Tiempo de lectura\" \/>\n\t<meta name=\"twitter:data1\" content=\"2 minutos\" \/>\n<script type=\"application\/ld+json\" class=\"yoast-schema-graph\">{\"@context\":\"https:\\\/\\\/schema.org\",\"@graph\":[{\"@type\":\"WebPage\",\"@id\":\"https:\\\/\\\/jotapardo.com\\\/es\\\/photography-plans\\\/\",\"url\":\"https:\\\/\\\/jotapardo.com\\\/es\\\/photography-plans\\\/\",\"name\":\"AQU\u00cd INICIA TODO - LETS DO SOMETHING GREAT TOGETHER!\",\"isPartOf\":{\"@id\":\"https:\\\/\\\/jotapardo.com\\\/#website\"},\"primaryImageOfPage\":{\"@id\":\"https:\\\/\\\/jotapardo.com\\\/es\\\/photography-plans\\\/#primaryimage\"},\"image\":{\"@id\":\"https:\\\/\\\/jotapardo.com\\\/es\\\/photography-plans\\\/#primaryimage\"},\"thumbnailUrl\":\"https:\\\/\\\/jotapardo.com\\\/wp-content\\\/uploads\\\/KAITAN1.jpg\",\"datePublished\":\"2020-05-12T05:02:58+00:00\",\"dateModified\":\"2025-10-24T15:44:53+00:00\",\"description\":\"I'm Jota, a fine art wedding photographer based Medellin, Colombia. I adore natural light. emotions and a touch of fine art.\",\"breadcrumb\":{\"@id\":\"https:\\\/\\\/jotapardo.com\\\/es\\\/photography-plans\\\/#breadcrumb\"},\"inLanguage\":\"es\",\"potentialAction\":[{\"@type\":\"ReadAction\",\"target\":[\"https:\\\/\\\/jotapardo.com\\\/es\\\/photography-plans\\\/\"]}]},{\"@type\":\"ImageObject\",\"inLanguage\":\"es\",\"@id\":\"https:\\\/\\\/jotapardo.com\\\/es\\\/photography-plans\\\/#primaryimage\",\"url\":\"https:\\\/\\\/jotapardo.com\\\/wp-content\\\/uploads\\\/KAITAN1.jpg\",\"contentUrl\":\"https:\\\/\\\/jotapardo.com\\\/wp-content\\\/uploads\\\/KAITAN1.jpg\",\"width\":2560,\"height\":1706},{\"@type\":\"BreadcrumbList\",\"@id\":\"https:\\\/\\\/jotapardo.com\\\/es\\\/photography-plans\\\/#breadcrumb\",\"itemListElement\":[{\"@type\":\"ListItem\",\"position\":1,\"name\":\"Home\",\"item\":\"https:\\\/\\\/jotapardo.com\\\/es\\\/\"},{\"@type\":\"ListItem\",\"position\":2,\"name\":\"TESTIMONIALS\"}]},{\"@type\":\"WebSite\",\"@id\":\"https:\\\/\\\/jotapardo.com\\\/#website\",\"url\":\"https:\\\/\\\/jotapardo.com\\\/\",\"name\":\"Mejores fot\u00f3grafos de Bodas en Medell\u00edn, Destination Wedding Photographer, Elopement Weddings Colombia Medellin, Best wedding photographer in Medellin, Cartagena, Bogot\u00e1, Santa Marta. Bodas Adventistas, Bodas Cristianas, Fot\u00f3grafo de matrimonios, Adventist Wedding Photographer\",\"description\":\"Luxury Wedding Photography in Colombia | Jota Pardo\",\"publisher\":{\"@id\":\"https:\\\/\\\/jotapardo.com\\\/#\\\/schema\\\/person\\\/b096f1d12b61720da2fa9f8099c497ee\"},\"alternateName\":\"Jota Pardo Wedding Photographer in Colombia\",\"potentialAction\":[{\"@type\":\"SearchAction\",\"target\":{\"@type\":\"EntryPoint\",\"urlTemplate\":\"https:\\\/\\\/jotapardo.com\\\/?s={search_term_string}\"},\"query-input\":{\"@type\":\"PropertyValueSpecification\",\"valueRequired\":true,\"valueName\":\"search_term_string\"}}],\"inLanguage\":\"es\"},{\"@type\":[\"Person\",\"Organization\"],\"@id\":\"https:\\\/\\\/jotapardo.com\\\/#\\\/schema\\\/person\\\/b096f1d12b61720da2fa9f8099c497ee\",\"name\":\"Jota Pardo\",\"image\":{\"@type\":\"ImageObject\",\"inLanguage\":\"es\",\"@id\":\"https:\\\/\\\/jotapardo.com\\\/wp-content\\\/uploads\\\/Best-Wedding-Photographer-Medellin-Elopement-Colombia-Destination-wedding-photographer-gray.png\",\"url\":\"https:\\\/\\\/jotapardo.com\\\/wp-content\\\/uploads\\\/Best-Wedding-Photographer-Medellin-Elopement-Colombia-Destination-wedding-photographer-gray.png\",\"contentUrl\":\"https:\\\/\\\/jotapardo.com\\\/wp-content\\\/uploads\\\/Best-Wedding-Photographer-Medellin-Elopement-Colombia-Destination-wedding-photographer-gray.png\",\"width\":162,\"height\":96,\"caption\":\"Jota Pardo\"},\"logo\":{\"@id\":\"https:\\\/\\\/jotapardo.com\\\/wp-content\\\/uploads\\\/Best-Wedding-Photographer-Medellin-Elopement-Colombia-Destination-wedding-photographer-gray.png\"},\"description\":\"Fot\u00f3grafo de bodas en Medell\u00edn a trav\u00e9s de la marca Jota Pardo Wedding Photographer. Cuento con m\u00e1s de 6 a\u00f1os realizando bodas a nivel nacional e internacional. Me especializo en bodas Adventistas principalmente. \\\/ Wedding photographer based in Medellin. I have more than 5 years photographing weddings nationally and internationally. I mainly specialize in Adventist weddings.\",\"sameAs\":[\"http:\\\/\\\/www.jotapardo.com\",\"https:\\\/\\\/www.facebook.com\\\/JotaPardoPhoto\",\"https:\\\/\\\/instagram.com\\\/jotapardophoto\",\"https:\\\/\\\/x.com\\\/jotapardophoto\",\"UCslD7AdLqjl39CNH7rt1YyA\"]}]}<\/script>\n<!-- \/ Yoast SEO plugin. -->","yoast_head_json":{"title":"AQU\u00cd INICIA TODO - LETS DO SOMETHING GREAT TOGETHER!","description":"I'm Jota, a fine art wedding photographer based Medellin, Colombia. I adore natural light. emotions and a touch of fine art.","robots":{"index":"index","follow":"follow","max-snippet":"max-snippet:-1","max-image-preview":"max-image-preview:large","max-video-preview":"max-video-preview:-1"},"canonical":"https:\/\/jotapardo.com\/es\/photography-plans\/","og_locale":"es_ES","og_type":"article","og_title":"AQU\u00cd INICIA TODO - LETS DO SOMETHING GREAT TOGETHER!","og_description":"I'm Jota, a fine art wedding photographer based Medellin, Colombia. I adore natural light. emotions and a touch of fine art.","og_url":"https:\/\/jotapardo.com\/es\/photography-plans\/","og_site_name":"Mejores fot\u00f3grafos de Bodas en Medell\u00edn, Destination Wedding Photographer, Elopement Weddings Colombia Medellin, Best wedding photographer in Medellin, Cartagena, Bogot\u00e1, Santa Marta. Bodas Adventistas, Bodas Cristianas, Fot\u00f3grafo de matrimonios, Adventist Wedding Photographer","article_publisher":"https:\/\/www.facebook.com\/JotaPardoPhoto","article_modified_time":"2025-10-24T15:44:53+00:00","og_image":[{"width":2560,"height":1706,"url":"https:\/\/jotapardo.com\/wp-content\/uploads\/KAITAN1.jpg","type":"image\/jpeg"}],"twitter_card":"summary_large_image","twitter_site":"@jotapardophoto","twitter_misc":{"Tiempo de lectura":"2 minutos"},"schema":{"@context":"https:\/\/schema.org","@graph":[{"@type":"WebPage","@id":"https:\/\/jotapardo.com\/es\/photography-plans\/","url":"https:\/\/jotapardo.com\/es\/photography-plans\/","name":"AQU\u00cd INICIA TODO - LETS DO SOMETHING GREAT TOGETHER!","isPartOf":{"@id":"https:\/\/jotapardo.com\/#website"},"primaryImageOfPage":{"@id":"https:\/\/jotapardo.com\/es\/photography-plans\/#primaryimage"},"image":{"@id":"https:\/\/jotapardo.com\/es\/photography-plans\/#primaryimage"},"thumbnailUrl":"https:\/\/jotapardo.com\/wp-content\/uploads\/KAITAN1.jpg","datePublished":"2020-05-12T05:02:58+00:00","dateModified":"2025-10-24T15:44:53+00:00","description":"I'm Jota, a fine art wedding photographer based Medellin, Colombia. I adore natural light. emotions and a touch of fine art.","breadcrumb":{"@id":"https:\/\/jotapardo.com\/es\/photography-plans\/#breadcrumb"},"inLanguage":"es","potentialAction":[{"@type":"ReadAction","target":["https:\/\/jotapardo.com\/es\/photography-plans\/"]}]},{"@type":"ImageObject","inLanguage":"es","@id":"https:\/\/jotapardo.com\/es\/photography-plans\/#primaryimage","url":"https:\/\/jotapardo.com\/wp-content\/uploads\/KAITAN1.jpg","contentUrl":"https:\/\/jotapardo.com\/wp-content\/uploads\/KAITAN1.jpg","width":2560,"height":1706},{"@type":"BreadcrumbList","@id":"https:\/\/jotapardo.com\/es\/photography-plans\/#breadcrumb","itemListElement":[{"@type":"ListItem","position":1,"name":"Home","item":"https:\/\/jotapardo.com\/es\/"},{"@type":"ListItem","position":2,"name":"TESTIMONIALS"}]},{"@type":"WebSite","@id":"https:\/\/jotapardo.com\/#website","url":"https:\/\/jotapardo.com\/","name":"Mejores fot\u00f3grafos de Bodas en Medell\u00edn, Destination Wedding Photographer, Elopement Weddings Colombia Medellin, Best wedding photographer in Medellin, Cartagena, Bogot\u00e1, Santa Marta. Bodas Adventistas, Bodas Cristianas, Fot\u00f3grafo de matrimonios, Adventist Wedding Photographer","description":"Luxury Wedding Photography in Colombia | Jota Pardo","publisher":{"@id":"https:\/\/jotapardo.com\/#\/schema\/person\/b096f1d12b61720da2fa9f8099c497ee"},"alternateName":"Jota Pardo Wedding Photographer in Colombia","potentialAction":[{"@type":"SearchAction","target":{"@type":"EntryPoint","urlTemplate":"https:\/\/jotapardo.com\/?s={search_term_string}"},"query-input":{"@type":"PropertyValueSpecification","valueRequired":true,"valueName":"search_term_string"}}],"inLanguage":"es"},{"@type":["Person","Organization"],"@id":"https:\/\/jotapardo.com\/#\/schema\/person\/b096f1d12b61720da2fa9f8099c497ee","name":"Jota Pardo","image":{"@type":"ImageObject","inLanguage":"es","@id":"https:\/\/jotapardo.com\/wp-content\/uploads\/Best-Wedding-Photographer-Medellin-Elopement-Colombia-Destination-wedding-photographer-gray.png","url":"https:\/\/jotapardo.com\/wp-content\/uploads\/Best-Wedding-Photographer-Medellin-Elopement-Colombia-Destination-wedding-photographer-gray.png","contentUrl":"https:\/\/jotapardo.com\/wp-content\/uploads\/Best-Wedding-Photographer-Medellin-Elopement-Colombia-Destination-wedding-photographer-gray.png","width":162,"height":96,"caption":"Jota Pardo"},"logo":{"@id":"https:\/\/jotapardo.com\/wp-content\/uploads\/Best-Wedding-Photographer-Medellin-Elopement-Colombia-Destination-wedding-photographer-gray.png"},"description":"Fot\u00f3grafo de bodas en Medell\u00edn a trav\u00e9s de la marca Jota Pardo Wedding Photographer. Cuento con m\u00e1s de 6 a\u00f1os realizando bodas a nivel nacional e internacional. Me especializo en bodas Adventistas principalmente. \/ Wedding photographer based in Medellin. I have more than 5 years photographing weddings nationally and internationally. I mainly specialize in Adventist weddings.","sameAs":["http:\/\/www.jotapardo.com","https:\/\/www.facebook.com\/JotaPardoPhoto","https:\/\/instagram.com\/jotapardophoto","https:\/\/x.com\/jotapardophoto","UCslD7AdLqjl39CNH7rt1YyA"]}]}},"_links":{"self":[{"href":"https:\/\/jotapardo.com\/es\/wp-json\/wp\/v2\/pages\/9228\/"}],"collection":[{"href":"https:\/\/jotapardo.com\/es\/wp-json\/wp\/v2\/pages\/"}],"about":[{"href":"https:\/\/jotapardo.com\/es\/wp-json\/wp\/v2\/types\/page\/"}],"author":[{"embeddable":true,"href":"https:\/\/jotapardo.com\/es\/wp-json\/wp\/v2\/users\/1\/"}],"replies":[{"embeddable":true,"href":"https:\/\/jotapardo.com\/es\/wp-json\/wp\/v2\/comments\/?post=9228"}],"version-history":[{"count":5,"href":"https:\/\/jotapardo.com\/es\/wp-json\/wp\/v2\/pages\/9228\/revisions\/"}],"predecessor-version":[{"id":10227,"href":"https:\/\/jotapardo.com\/es\/wp-json\/wp\/v2\/pages\/9228\/revisions\/10227\/"}],"wp:featuredmedia":[{"embeddable":true,"href":"https:\/\/jotapardo.com\/es\/wp-json\/wp\/v2\/media\/9373\/"}],"wp:attachment":[{"href":"https:\/\/jotapardo.com\/es\/wp-json\/wp\/v2\/media\/?parent=9228"}],"curies":[{"name":"wp","href":"https:\/\/api.w.org\/{rel}","templated":true}]}}