{"id":9290,"date":"2023-03-14T15:45:11","date_gmt":"2023-03-14T20:45:11","guid":{"rendered":"https:\/\/jotapardo.com\/real-weddings-cartagena-medellin-santa-marta-bogota\/"},"modified":"2023-10-23T20:24:18","modified_gmt":"2023-10-24T01:24:18","slug":"real-weddings-cartagena-medellin-santa-marta-bogota","status":"publish","type":"page","link":"https:\/\/jotapardo.com\/es\/real-weddings-cartagena-medellin-santa-marta-bogota\/","title":{"rendered":"Real Weddings"},"content":{"rendered":"","protected":false},"excerpt":{"rendered":"","protected":false},"author":1,"featured_media":9116,"parent":0,"menu_order":0,"comment_status":"closed","ping_status":"closed","template":"","meta":{"_joinchat":[],"footnotes":""},"class_list":["post-9290","page","type-page","status-publish","has-post-thumbnail"],"yoast_head":"<!-- This site is optimized with the Yoast SEO plugin v27.4 - https:\/\/yoast.com\/product\/yoast-seo-wordpress\/ -->\n<title>Real Weddings Jota Pardo Destination Wedding Photographer<\/title>\n<meta name=\"description\" content=\"Check my portfolio in different weddings around the world. Destination Wedding Photographer in Medellin Cartagena Bogot\u00e1 Santa Marta\" \/>\n<meta name=\"robots\" content=\"index, follow, max-snippet:-1, max-image-preview:large, max-video-preview:-1\" \/>\n<link rel=\"canonical\" href=\"https:\/\/jotapardo.com\/es\/real-weddings-cartagena-medellin-santa-marta-bogota\/\" \/>\n<meta property=\"og:locale\" content=\"es_ES\" \/>\n<meta property=\"og:type\" content=\"article\" \/>\n<meta property=\"og:title\" content=\"Real Weddings Jota Pardo Destination Wedding Photographer\" \/>\n<meta property=\"og:description\" content=\"Check my portfolio in different weddings around the world. Destination Wedding Photographer in Medellin Cartagena Bogot\u00e1 Santa Marta\" \/>\n<meta property=\"og:url\" content=\"https:\/\/jotapardo.com\/real-weddings-cartagena-medellin-santa-marta-bogota\/\" \/>\n<meta property=\"og:site_name\" content=\"Mejores fot\u00f3grafos de Bodas en Medell\u00edn, Destination Wedding Photographer, Elopement Weddings Colombia Medellin, Best wedding photographer in Medellin, Cartagena, Bogot\u00e1, Santa Marta. Bodas Adventistas, Bodas Cristianas, Fot\u00f3grafo de matrimonios, Adventist Wedding Photographer\" \/>\n<meta property=\"article:publisher\" content=\"https:\/\/www.facebook.com\/JotaPardoPhoto\" \/>\n<meta property=\"article:modified_time\" content=\"2023-10-24T01:24:18+00:00\" \/>\n<meta property=\"og:image\" content=\"https:\/\/jotapardo.com\/wp-content\/uploads\/Hotel-Zuana-Wedding-Santa-Marta-Sindy-y-Lewis-Adventist-Wedding-Best-Wedding-Photographers-in-Santa-Marta-5979.jpg\" \/>\n\t<meta property=\"og:image:width\" content=\"2400\" \/>\n\t<meta property=\"og:image:height\" content=\"1597\" \/>\n\t<meta property=\"og:image:type\" content=\"image\/jpeg\" \/>\n<meta name=\"twitter:card\" content=\"summary_large_image\" \/>\n<meta name=\"twitter:site\" content=\"@jotapardophoto\" \/>\n<script type=\"application\/ld+json\" class=\"yoast-schema-graph\">{\"@context\":\"https:\\\/\\\/schema.org\",\"@graph\":[{\"@type\":\"WebPage\",\"@id\":\"https:\\\/\\\/jotapardo.com\\\/real-weddings-cartagena-medellin-santa-marta-bogota\\\/\",\"url\":\"https:\\\/\\\/jotapardo.com\\\/real-weddings-cartagena-medellin-santa-marta-bogota\\\/\",\"name\":\"Real Weddings Jota Pardo Destination Wedding Photographer\",\"isPartOf\":{\"@id\":\"https:\\\/\\\/jotapardo.com\\\/#website\"},\"primaryImageOfPage\":{\"@id\":\"https:\\\/\\\/jotapardo.com\\\/real-weddings-cartagena-medellin-santa-marta-bogota\\\/#primaryimage\"},\"image\":{\"@id\":\"https:\\\/\\\/jotapardo.com\\\/real-weddings-cartagena-medellin-santa-marta-bogota\\\/#primaryimage\"},\"thumbnailUrl\":\"https:\\\/\\\/jotapardo.com\\\/wp-content\\\/uploads\\\/Hotel-Zuana-Wedding-Santa-Marta-Sindy-y-Lewis-Adventist-Wedding-Best-Wedding-Photographers-in-Santa-Marta-5979.jpg\",\"datePublished\":\"2023-03-14T20:45:11+00:00\",\"dateModified\":\"2023-10-24T01:24:18+00:00\",\"description\":\"Check my portfolio in different weddings around the world. Destination Wedding Photographer in Medellin Cartagena Bogot\u00e1 Santa Marta\",\"breadcrumb\":{\"@id\":\"https:\\\/\\\/jotapardo.com\\\/real-weddings-cartagena-medellin-santa-marta-bogota\\\/#breadcrumb\"},\"inLanguage\":\"es\",\"potentialAction\":[{\"@type\":\"ReadAction\",\"target\":[\"https:\\\/\\\/jotapardo.com\\\/real-weddings-cartagena-medellin-santa-marta-bogota\\\/\"]}]},{\"@type\":\"ImageObject\",\"inLanguage\":\"es\",\"@id\":\"https:\\\/\\\/jotapardo.com\\\/real-weddings-cartagena-medellin-santa-marta-bogota\\\/#primaryimage\",\"url\":\"https:\\\/\\\/jotapardo.com\\\/wp-content\\\/uploads\\\/Hotel-Zuana-Wedding-Santa-Marta-Sindy-y-Lewis-Adventist-Wedding-Best-Wedding-Photographers-in-Santa-Marta-5979.jpg\",\"contentUrl\":\"https:\\\/\\\/jotapardo.com\\\/wp-content\\\/uploads\\\/Hotel-Zuana-Wedding-Santa-Marta-Sindy-y-Lewis-Adventist-Wedding-Best-Wedding-Photographers-in-Santa-Marta-5979.jpg\",\"width\":2400,\"height\":1597},{\"@type\":\"BreadcrumbList\",\"@id\":\"https:\\\/\\\/jotapardo.com\\\/real-weddings-cartagena-medellin-santa-marta-bogota\\\/#breadcrumb\",\"itemListElement\":[{\"@type\":\"ListItem\",\"position\":1,\"name\":\"Home\",\"item\":\"https:\\\/\\\/jotapardo.com\\\/es\\\/\"},{\"@type\":\"ListItem\",\"position\":2,\"name\":\"Real Weddings\"}]},{\"@type\":\"WebSite\",\"@id\":\"https:\\\/\\\/jotapardo.com\\\/#website\",\"url\":\"https:\\\/\\\/jotapardo.com\\\/\",\"name\":\"Mejores fot\u00f3grafos de Bodas en Medell\u00edn, Destination Wedding Photographer, Elopement Weddings Colombia Medellin, Best wedding photographer in Medellin, Cartagena, Bogot\u00e1, Santa Marta. Bodas Adventistas, Bodas Cristianas, Fot\u00f3grafo de matrimonios, Adventist Wedding Photographer\",\"description\":\"Luxury Wedding Photography in Colombia | Jota Pardo\",\"publisher\":{\"@id\":\"https:\\\/\\\/jotapardo.com\\\/#\\\/schema\\\/person\\\/b096f1d12b61720da2fa9f8099c497ee\"},\"alternateName\":\"Jota Pardo Wedding Photographer in Colombia\",\"potentialAction\":[{\"@type\":\"SearchAction\",\"target\":{\"@type\":\"EntryPoint\",\"urlTemplate\":\"https:\\\/\\\/jotapardo.com\\\/?s={search_term_string}\"},\"query-input\":{\"@type\":\"PropertyValueSpecification\",\"valueRequired\":true,\"valueName\":\"search_term_string\"}}],\"inLanguage\":\"es\"},{\"@type\":[\"Person\",\"Organization\"],\"@id\":\"https:\\\/\\\/jotapardo.com\\\/#\\\/schema\\\/person\\\/b096f1d12b61720da2fa9f8099c497ee\",\"name\":\"Jota Pardo\",\"image\":{\"@type\":\"ImageObject\",\"inLanguage\":\"es\",\"@id\":\"https:\\\/\\\/jotapardo.com\\\/wp-content\\\/uploads\\\/Best-Wedding-Photographer-Medellin-Elopement-Colombia-Destination-wedding-photographer-gray.png\",\"url\":\"https:\\\/\\\/jotapardo.com\\\/wp-content\\\/uploads\\\/Best-Wedding-Photographer-Medellin-Elopement-Colombia-Destination-wedding-photographer-gray.png\",\"contentUrl\":\"https:\\\/\\\/jotapardo.com\\\/wp-content\\\/uploads\\\/Best-Wedding-Photographer-Medellin-Elopement-Colombia-Destination-wedding-photographer-gray.png\",\"width\":162,\"height\":96,\"caption\":\"Jota Pardo\"},\"logo\":{\"@id\":\"https:\\\/\\\/jotapardo.com\\\/wp-content\\\/uploads\\\/Best-Wedding-Photographer-Medellin-Elopement-Colombia-Destination-wedding-photographer-gray.png\"},\"description\":\"Fot\u00f3grafo de bodas en Medell\u00edn a trav\u00e9s de la marca Jota Pardo Wedding Photographer. Cuento con m\u00e1s de 6 a\u00f1os realizando bodas a nivel nacional e internacional. Me especializo en bodas Adventistas principalmente. \\\/ Wedding photographer based in Medellin. I have more than 5 years photographing weddings nationally and internationally. I mainly specialize in Adventist weddings.\",\"sameAs\":[\"http:\\\/\\\/www.jotapardo.com\",\"https:\\\/\\\/www.facebook.com\\\/JotaPardoPhoto\",\"https:\\\/\\\/instagram.com\\\/jotapardophoto\",\"https:\\\/\\\/x.com\\\/jotapardophoto\",\"UCslD7AdLqjl39CNH7rt1YyA\"]}]}<\/script>\n<!-- \/ Yoast SEO plugin. -->","yoast_head_json":{"title":"Real Weddings Jota Pardo Destination Wedding Photographer","description":"Check my portfolio in different weddings around the world. Destination Wedding Photographer in Medellin Cartagena Bogot\u00e1 Santa Marta","robots":{"index":"index","follow":"follow","max-snippet":"max-snippet:-1","max-image-preview":"max-image-preview:large","max-video-preview":"max-video-preview:-1"},"canonical":"https:\/\/jotapardo.com\/es\/real-weddings-cartagena-medellin-santa-marta-bogota\/","og_locale":"es_ES","og_type":"article","og_title":"Real Weddings Jota Pardo Destination Wedding Photographer","og_description":"Check my portfolio in different weddings around the world. Destination Wedding Photographer in Medellin Cartagena Bogot\u00e1 Santa Marta","og_url":"https:\/\/jotapardo.com\/real-weddings-cartagena-medellin-santa-marta-bogota\/","og_site_name":"Mejores fot\u00f3grafos de Bodas en Medell\u00edn, Destination Wedding Photographer, Elopement Weddings Colombia Medellin, Best wedding photographer in Medellin, Cartagena, Bogot\u00e1, Santa Marta. Bodas Adventistas, Bodas Cristianas, Fot\u00f3grafo de matrimonios, Adventist Wedding Photographer","article_publisher":"https:\/\/www.facebook.com\/JotaPardoPhoto","article_modified_time":"2023-10-24T01:24:18+00:00","og_image":[{"width":2400,"height":1597,"url":"https:\/\/jotapardo.com\/wp-content\/uploads\/Hotel-Zuana-Wedding-Santa-Marta-Sindy-y-Lewis-Adventist-Wedding-Best-Wedding-Photographers-in-Santa-Marta-5979.jpg","type":"image\/jpeg"}],"twitter_card":"summary_large_image","twitter_site":"@jotapardophoto","schema":{"@context":"https:\/\/schema.org","@graph":[{"@type":"WebPage","@id":"https:\/\/jotapardo.com\/real-weddings-cartagena-medellin-santa-marta-bogota\/","url":"https:\/\/jotapardo.com\/real-weddings-cartagena-medellin-santa-marta-bogota\/","name":"Real Weddings Jota Pardo Destination Wedding Photographer","isPartOf":{"@id":"https:\/\/jotapardo.com\/#website"},"primaryImageOfPage":{"@id":"https:\/\/jotapardo.com\/real-weddings-cartagena-medellin-santa-marta-bogota\/#primaryimage"},"image":{"@id":"https:\/\/jotapardo.com\/real-weddings-cartagena-medellin-santa-marta-bogota\/#primaryimage"},"thumbnailUrl":"https:\/\/jotapardo.com\/wp-content\/uploads\/Hotel-Zuana-Wedding-Santa-Marta-Sindy-y-Lewis-Adventist-Wedding-Best-Wedding-Photographers-in-Santa-Marta-5979.jpg","datePublished":"2023-03-14T20:45:11+00:00","dateModified":"2023-10-24T01:24:18+00:00","description":"Check my portfolio in different weddings around the world. Destination Wedding Photographer in Medellin Cartagena Bogot\u00e1 Santa Marta","breadcrumb":{"@id":"https:\/\/jotapardo.com\/real-weddings-cartagena-medellin-santa-marta-bogota\/#breadcrumb"},"inLanguage":"es","potentialAction":[{"@type":"ReadAction","target":["https:\/\/jotapardo.com\/real-weddings-cartagena-medellin-santa-marta-bogota\/"]}]},{"@type":"ImageObject","inLanguage":"es","@id":"https:\/\/jotapardo.com\/real-weddings-cartagena-medellin-santa-marta-bogota\/#primaryimage","url":"https:\/\/jotapardo.com\/wp-content\/uploads\/Hotel-Zuana-Wedding-Santa-Marta-Sindy-y-Lewis-Adventist-Wedding-Best-Wedding-Photographers-in-Santa-Marta-5979.jpg","contentUrl":"https:\/\/jotapardo.com\/wp-content\/uploads\/Hotel-Zuana-Wedding-Santa-Marta-Sindy-y-Lewis-Adventist-Wedding-Best-Wedding-Photographers-in-Santa-Marta-5979.jpg","width":2400,"height":1597},{"@type":"BreadcrumbList","@id":"https:\/\/jotapardo.com\/real-weddings-cartagena-medellin-santa-marta-bogota\/#breadcrumb","itemListElement":[{"@type":"ListItem","position":1,"name":"Home","item":"https:\/\/jotapardo.com\/es\/"},{"@type":"ListItem","position":2,"name":"Real Weddings"}]},{"@type":"WebSite","@id":"https:\/\/jotapardo.com\/#website","url":"https:\/\/jotapardo.com\/","name":"Mejores fot\u00f3grafos de Bodas en Medell\u00edn, Destination Wedding Photographer, Elopement Weddings Colombia Medellin, Best wedding photographer in Medellin, Cartagena, Bogot\u00e1, Santa Marta. Bodas Adventistas, Bodas Cristianas, Fot\u00f3grafo de matrimonios, Adventist Wedding Photographer","description":"Luxury Wedding Photography in Colombia | Jota Pardo","publisher":{"@id":"https:\/\/jotapardo.com\/#\/schema\/person\/b096f1d12b61720da2fa9f8099c497ee"},"alternateName":"Jota Pardo Wedding Photographer in Colombia","potentialAction":[{"@type":"SearchAction","target":{"@type":"EntryPoint","urlTemplate":"https:\/\/jotapardo.com\/?s={search_term_string}"},"query-input":{"@type":"PropertyValueSpecification","valueRequired":true,"valueName":"search_term_string"}}],"inLanguage":"es"},{"@type":["Person","Organization"],"@id":"https:\/\/jotapardo.com\/#\/schema\/person\/b096f1d12b61720da2fa9f8099c497ee","name":"Jota Pardo","image":{"@type":"ImageObject","inLanguage":"es","@id":"https:\/\/jotapardo.com\/wp-content\/uploads\/Best-Wedding-Photographer-Medellin-Elopement-Colombia-Destination-wedding-photographer-gray.png","url":"https:\/\/jotapardo.com\/wp-content\/uploads\/Best-Wedding-Photographer-Medellin-Elopement-Colombia-Destination-wedding-photographer-gray.png","contentUrl":"https:\/\/jotapardo.com\/wp-content\/uploads\/Best-Wedding-Photographer-Medellin-Elopement-Colombia-Destination-wedding-photographer-gray.png","width":162,"height":96,"caption":"Jota Pardo"},"logo":{"@id":"https:\/\/jotapardo.com\/wp-content\/uploads\/Best-Wedding-Photographer-Medellin-Elopement-Colombia-Destination-wedding-photographer-gray.png"},"description":"Fot\u00f3grafo de bodas en Medell\u00edn a trav\u00e9s de la marca Jota Pardo Wedding Photographer. Cuento con m\u00e1s de 6 a\u00f1os realizando bodas a nivel nacional e internacional. Me especializo en bodas Adventistas principalmente. \/ Wedding photographer based in Medellin. I have more than 5 years photographing weddings nationally and internationally. I mainly specialize in Adventist weddings.","sameAs":["http:\/\/www.jotapardo.com","https:\/\/www.facebook.com\/JotaPardoPhoto","https:\/\/instagram.com\/jotapardophoto","https:\/\/x.com\/jotapardophoto","UCslD7AdLqjl39CNH7rt1YyA"]}]}},"_links":{"self":[{"href":"https:\/\/jotapardo.com\/es\/wp-json\/wp\/v2\/pages\/9290\/"}],"collection":[{"href":"https:\/\/jotapardo.com\/es\/wp-json\/wp\/v2\/pages\/"}],"about":[{"href":"https:\/\/jotapardo.com\/es\/wp-json\/wp\/v2\/types\/page\/"}],"author":[{"embeddable":true,"href":"https:\/\/jotapardo.com\/es\/wp-json\/wp\/v2\/users\/1\/"}],"replies":[{"embeddable":true,"href":"https:\/\/jotapardo.com\/es\/wp-json\/wp\/v2\/comments\/?post=9290"}],"version-history":[{"count":1,"href":"https:\/\/jotapardo.com\/es\/wp-json\/wp\/v2\/pages\/9290\/revisions\/"}],"predecessor-version":[{"id":9291,"href":"https:\/\/jotapardo.com\/es\/wp-json\/wp\/v2\/pages\/9290\/revisions\/9291\/"}],"wp:featuredmedia":[{"embeddable":true,"href":"https:\/\/jotapardo.com\/es\/wp-json\/wp\/v2\/media\/9116\/"}],"wp:attachment":[{"href":"https:\/\/jotapardo.com\/es\/wp-json\/wp\/v2\/media\/?parent=9290"}],"curies":[{"name":"wp","href":"https:\/\/api.w.org\/{rel}","templated":true}]}}